{"id":7364,"date":"2023-06-24T15:09:55","date_gmt":"2023-06-24T15:09:55","guid":{"rendered":"https:\/\/ahroyal.com.co\/?page_id=7364"},"modified":"2023-07-11T04:05:06","modified_gmt":"2023-07-11T04:05:06","slug":"intranet","status":"publish","type":"page","link":"https:\/\/ahroyal.com.co\/","title":{"rendered":"INTRANET"},"content":{"rendered":"\t\t<div data-elementor-type=\"wp-page\" data-elementor-id=\"7364\" class=\"elementor elementor-7364\">\n\t\t\t\t\t\t<section class=\"elementor-section elementor-top-section elementor-element elementor-element-a31af04 elementor-section-boxed elementor-section-height-default elementor-section-height-default\" data-id=\"a31af04\" data-element_type=\"section\" data-e-type=\"section\" data-settings=\"{&quot;background_background&quot;:&quot;classic&quot;,&quot;shape_divider_top&quot;:&quot;mountains&quot;,&quot;shape_divider_bottom&quot;:&quot;mountains&quot;,&quot;motion_fx_motion_fx_scrolling&quot;:&quot;yes&quot;,&quot;background_motion_fx_motion_fx_scrolling&quot;:&quot;yes&quot;,&quot;background_motion_fx_translateY_effect&quot;:&quot;yes&quot;,&quot;background_motion_fx_translateY_speed&quot;:{&quot;unit&quot;:&quot;px&quot;,&quot;size&quot;:1.5,&quot;sizes&quot;:[]},&quot;background_motion_fx_translateY_affectedRange&quot;:{&quot;unit&quot;:&quot;%&quot;,&quot;size&quot;:&quot;&quot;,&quot;sizes&quot;:{&quot;start&quot;:0,&quot;end&quot;:68}},&quot;background_motion_fx_motion_fx_mouse&quot;:&quot;yes&quot;,&quot;background_motion_fx_mouseTrack_effect&quot;:&quot;yes&quot;,&quot;background_motion_fx_mouseTrack_direction&quot;:&quot;negative&quot;,&quot;background_motion_fx_mouseTrack_speed&quot;:{&quot;unit&quot;:&quot;px&quot;,&quot;size&quot;:0,&quot;sizes&quot;:[]},&quot;background_motion_fx_devices&quot;:[&quot;desktop&quot;,&quot;tablet&quot;,&quot;mobile&quot;],&quot;motion_fx_devices&quot;:[&quot;desktop&quot;,&quot;tablet&quot;,&quot;mobile&quot;]}\">\n\t\t\t\t\t\t\t<div class=\"elementor-background-overlay\"><\/div>\n\t\t\t\t\t\t<div class=\"elementor-shape elementor-shape-top\" aria-hidden=\"true\" data-negative=\"false\">\n\t\t\t<svg xmlns=\"http:\/\/www.w3.org\/2000\/svg\" viewBox=\"0 0 1000 100\" preserveAspectRatio=\"none\">\n\t<path class=\"elementor-shape-fill\" opacity=\"0.33\" d=\"M473,67.3c-203.9,88.3-263.1-34-320.3,0C66,119.1,0,59.7,0,59.7V0h1000v59.7 c0,0-62.1,26.1-94.9,29.3c-32.8,3.3-62.8-12.3-75.8-22.1C806,49.6,745.3,8.7,694.9,4.7S492.4,59,473,67.3z\"\/>\n\t<path class=\"elementor-shape-fill\" opacity=\"0.66\" d=\"M734,67.3c-45.5,0-77.2-23.2-129.1-39.1c-28.6-8.7-150.3-10.1-254,39.1 s-91.7-34.4-149.2,0C115.7,118.3,0,39.8,0,39.8V0h1000v36.5c0,0-28.2-18.5-92.1-18.5C810.2,18.1,775.7,67.3,734,67.3z\"\/>\n\t<path class=\"elementor-shape-fill\" d=\"M766.1,28.9c-200-57.5-266,65.5-395.1,19.5C242,1.8,242,5.4,184.8,20.6C128,35.8,132.3,44.9,89.9,52.5C28.6,63.7,0,0,0,0 h1000c0,0-9.9,40.9-83.6,48.1S829.6,47,766.1,28.9z\"\/>\n<\/svg>\t\t<\/div>\n\t\t\t\t<div class=\"elementor-shape elementor-shape-bottom\" aria-hidden=\"true\" data-negative=\"false\">\n\t\t\t<svg xmlns=\"http:\/\/www.w3.org\/2000\/svg\" viewBox=\"0 0 1000 100\" preserveAspectRatio=\"none\">\n\t<path class=\"elementor-shape-fill\" opacity=\"0.33\" d=\"M473,67.3c-203.9,88.3-263.1-34-320.3,0C66,119.1,0,59.7,0,59.7V0h1000v59.7 c0,0-62.1,26.1-94.9,29.3c-32.8,3.3-62.8-12.3-75.8-22.1C806,49.6,745.3,8.7,694.9,4.7S492.4,59,473,67.3z\"\/>\n\t<path class=\"elementor-shape-fill\" opacity=\"0.66\" d=\"M734,67.3c-45.5,0-77.2-23.2-129.1-39.1c-28.6-8.7-150.3-10.1-254,39.1 s-91.7-34.4-149.2,0C115.7,118.3,0,39.8,0,39.8V0h1000v36.5c0,0-28.2-18.5-92.1-18.5C810.2,18.1,775.7,67.3,734,67.3z\"\/>\n\t<path class=\"elementor-shape-fill\" d=\"M766.1,28.9c-200-57.5-266,65.5-395.1,19.5C242,1.8,242,5.4,184.8,20.6C128,35.8,132.3,44.9,89.9,52.5C28.6,63.7,0,0,0,0 h1000c0,0-9.9,40.9-83.6,48.1S829.6,47,766.1,28.9z\"\/>\n<\/svg>\t\t<\/div>\n\t\t\t\t\t<div class=\"elementor-container elementor-column-gap-default\">\n\t\t\t\t\t<div class=\"elementor-column elementor-col-100 elementor-top-column elementor-element elementor-element-8143b8f\" data-id=\"8143b8f\" data-element_type=\"column\" data-e-type=\"column\">\n\t\t\t<div class=\"elementor-widget-wrap elementor-element-populated\">\n\t\t\t\t\t\t<div class=\"elementor-element elementor-element-cf2c07d elementor-widget elementor-widget-spacer\" data-id=\"cf2c07d\" data-element_type=\"widget\" data-e-type=\"widget\" data-widget_type=\"spacer.default\">\n\t\t\t\t<div class=\"elementor-widget-container\">\n\t\t\t\t\t\t\t<div class=\"elementor-spacer\">\n\t\t\t<div class=\"elementor-spacer-inner\"><\/div>\n\t\t<\/div>\n\t\t\t\t\t\t<\/div>\n\t\t\t\t<\/div>\n\t\t\t\t<div class=\"elementor-element elementor-element-5e72199 e-transform elementor-widget elementor-widget-spacer\" data-id=\"5e72199\" data-element_type=\"widget\" data-e-type=\"widget\" data-settings=\"{&quot;_transform_scale_effect_hover&quot;:{&quot;unit&quot;:&quot;px&quot;,&quot;size&quot;:1.1,&quot;sizes&quot;:[]},&quot;_transform_scale_effect_hover_tablet&quot;:{&quot;unit&quot;:&quot;px&quot;,&quot;size&quot;:&quot;&quot;,&quot;sizes&quot;:[]},&quot;_transform_scale_effect_hover_mobile&quot;:{&quot;unit&quot;:&quot;px&quot;,&quot;size&quot;:&quot;&quot;,&quot;sizes&quot;:[]}}\" data-widget_type=\"spacer.default\">\n\t\t\t\t<div class=\"elementor-widget-container\">\n\t\t\t\t\t\t\t<div class=\"elementor-spacer\">\n\t\t\t<div class=\"elementor-spacer-inner\"><\/div>\n\t\t<\/div>\n\t\t\t\t\t\t<\/div>\n\t\t\t\t<\/div>\n\t\t\t\t<div class=\"elementor-element elementor-element-dffdb3b elementor-widget elementor-widget-heading\" data-id=\"dffdb3b\" data-element_type=\"widget\" data-e-type=\"widget\" data-widget_type=\"heading.default\">\n\t\t\t\t<div class=\"elementor-widget-container\">\n\t\t\t\t\t<h2 class=\"elementor-heading-title elementor-size-default\">BIENVENIDOS A<\/h2>\t\t\t\t<\/div>\n\t\t\t\t<\/div>\n\t\t\t\t<div class=\"elementor-element elementor-element-46a9c1b elementor-widget elementor-widget-heading\" data-id=\"46a9c1b\" data-element_type=\"widget\" data-e-type=\"widget\" data-widget_type=\"heading.default\">\n\t\t\t\t<div class=\"elementor-widget-container\">\n\t\t\t\t\t<h2 class=\"elementor-heading-title elementor-size-default\">NUESTRO PORTAL<\/h2>\t\t\t\t<\/div>\n\t\t\t\t<\/div>\n\t\t\t\t<div class=\"elementor-element elementor-element-808a540 elementor-widget elementor-widget-text-editor\" data-id=\"808a540\" data-element_type=\"widget\" data-e-type=\"widget\" data-widget_type=\"text-editor.default\">\n\t\t\t\t<div class=\"elementor-widget-container\">\n\t\t\t\t\t\t\t\t\t<p>Somos una marca distribuidora de art\u00edculos y accesorios de Papeler\u00eda y arte; con presencia en Colombia y pa\u00edses de Centro Am\u00e9rica<\/p>\t\t\t\t\t\t\t\t<\/div>\n\t\t\t\t<\/div>\n\t\t\t\t<section class=\"elementor-section elementor-inner-section elementor-element elementor-element-fd3c61a elementor-section-boxed elementor-section-height-default elementor-section-height-default\" data-id=\"fd3c61a\" data-element_type=\"section\" data-e-type=\"section\">\n\t\t\t\t\t\t<div class=\"elementor-container elementor-column-gap-default\">\n\t\t\t\t\t<div class=\"elementor-column elementor-col-50 elementor-inner-column elementor-element elementor-element-c7afc0c\" data-id=\"c7afc0c\" data-element_type=\"column\" data-e-type=\"column\">\n\t\t\t<div class=\"elementor-widget-wrap elementor-element-populated\">\n\t\t\t\t\t\t<div class=\"elementor-element elementor-element-c00be63 elementor-widget elementor-widget-image\" data-id=\"c00be63\" data-element_type=\"widget\" data-e-type=\"widget\" data-widget_type=\"image.default\">\n\t\t\t\t<div class=\"elementor-widget-container\">\n\t\t\t\t\t\t\t\t\t\t\t\t\t\t\t<img decoding=\"async\" data-src=\"https:\/\/ahroyal.com.co\/wp-content\/uploads\/elementor\/thumbs\/Logo-arte-Ahroyal-2022-q914nqe9meonff15iqxexb6vz5eppzyp80er0ihwfs.png\" title=\"Logo arte Ahroyal 2022\" alt=\"Logo arte Ahroyal 2022\" src=\"data:image\/svg+xml;base64,PHN2ZyB3aWR0aD0iMSIgaGVpZ2h0PSIxIiB4bWxucz0iaHR0cDovL3d3dy53My5vcmcvMjAwMC9zdmciPjwvc3ZnPg==\" class=\"lazyload\" style=\"--smush-placeholder-width: 140px; --smush-placeholder-aspect-ratio: 140\/140;\" \/>\t\t\t\t\t\t\t\t\t\t\t\t\t\t\t<\/div>\n\t\t\t\t<\/div>\n\t\t\t\t\t<\/div>\n\t\t<\/div>\n\t\t\t\t<div class=\"elementor-column elementor-col-50 elementor-inner-column elementor-element elementor-element-498f8a4\" data-id=\"498f8a4\" data-element_type=\"column\" data-e-type=\"column\">\n\t\t\t<div class=\"elementor-widget-wrap elementor-element-populated\">\n\t\t\t\t\t\t<div class=\"elementor-element elementor-element-1534c36 elementor-widget elementor-widget-image\" data-id=\"1534c36\" data-element_type=\"widget\" data-e-type=\"widget\" data-widget_type=\"image.default\">\n\t\t\t\t<div class=\"elementor-widget-container\">\n\t\t\t\t\t\t\t\t\t\t\t\t\t\t\t<img decoding=\"async\" data-src=\"https:\/\/ahroyal.com.co\/wp-content\/uploads\/elementor\/thumbs\/Logo-AH-Royal-WEB-q6uco27i4pnaq1bq7xwz2vdlg3aji5ds9n8nx00oy4.png\" title=\"Logo AH Royal WEB\" alt=\"Logo AH Royal WEB\" src=\"data:image\/svg+xml;base64,PHN2ZyB3aWR0aD0iMSIgaGVpZ2h0PSIxIiB4bWxucz0iaHR0cDovL3d3dy53My5vcmcvMjAwMC9zdmciPjwvc3ZnPg==\" class=\"lazyload\" style=\"--smush-placeholder-width: 120px; --smush-placeholder-aspect-ratio: 120\/110;\" \/>\t\t\t\t\t\t\t\t\t\t\t\t\t\t\t<\/div>\n\t\t\t\t<\/div>\n\t\t\t\t\t<\/div>\n\t\t<\/div>\n\t\t\t\t\t<\/div>\n\t\t<\/section>\n\t\t\t\t<section class=\"elementor-section elementor-inner-section elementor-element elementor-element-a1b6a86 elementor-section-boxed elementor-section-height-default elementor-section-height-default\" data-id=\"a1b6a86\" data-element_type=\"section\" data-e-type=\"section\">\n\t\t\t\t\t\t<div class=\"elementor-container elementor-column-gap-default\">\n\t\t\t\t\t<div class=\"elementor-column elementor-col-50 elementor-inner-column elementor-element elementor-element-17bfc8f\" data-id=\"17bfc8f\" data-element_type=\"column\" data-e-type=\"column\">\n\t\t\t<div class=\"elementor-widget-wrap elementor-element-populated\">\n\t\t\t\t\t\t<div class=\"elementor-element elementor-element-2921212 elementor-align-center icon-effect-yes elementor-widget elementor-widget-button\" data-id=\"2921212\" data-element_type=\"widget\" data-e-type=\"widget\" data-widget_type=\"button.default\">\n\t\t\t\t<div class=\"elementor-widget-container\">\n\t\t\t\t\t\t\t\t\t<div class=\"elementor-button-wrapper\">\n\t\t\t\t\t<a class=\"elementor-button elementor-button-link elementor-size-lg elementor-animation-pulse\" href=\"https:\/\/pincelesahroyal.com\/\">\n\t\t\t\t\t\t<span class=\"elementor-button-content-wrapper\">\n\t\t\t\t\t\t<span class=\"elementor-button-icon\">\n\t\t\t\t<i aria-hidden=\"true\" class=\"fas fa-paint-brush\"><\/i>\t\t\t<\/span>\n\t\t\t\t\t\t\t\t\t<span class=\"elementor-button-text\">Pinceles y arte<\/span>\n\t\t\t\t\t<\/span>\n\t\t\t\t\t<\/a>\n\t\t\t\t<\/div>\n\t\t\t\t\t\t\t\t<\/div>\n\t\t\t\t<\/div>\n\t\t\t\t\t<\/div>\n\t\t<\/div>\n\t\t\t\t<div class=\"elementor-column elementor-col-50 elementor-inner-column elementor-element elementor-element-0c3e8c4\" data-id=\"0c3e8c4\" data-element_type=\"column\" data-e-type=\"column\">\n\t\t\t<div class=\"elementor-widget-wrap elementor-element-populated\">\n\t\t\t\t\t\t<div class=\"elementor-element elementor-element-5f779f0 elementor-align-center icon-effect-yes elementor-widget elementor-widget-button\" data-id=\"5f779f0\" data-element_type=\"widget\" data-e-type=\"widget\" data-widget_type=\"button.default\">\n\t\t\t\t<div class=\"elementor-widget-container\">\n\t\t\t\t\t\t\t\t\t<div class=\"elementor-button-wrapper\">\n\t\t\t\t\t<a class=\"elementor-button elementor-button-link elementor-size-lg elementor-animation-pulse\" href=\"https:\/\/ahroyal.com.co\/?page_id=2400\">\n\t\t\t\t\t\t<span class=\"elementor-button-content-wrapper\">\n\t\t\t\t\t\t<span class=\"elementor-button-icon\">\n\t\t\t\t<i aria-hidden=\"true\" class=\"fas fa-pencil-alt\"><\/i>\t\t\t<\/span>\n\t\t\t\t\t\t\t\t\t<span class=\"elementor-button-text\">Papeler\u00eda<\/span>\n\t\t\t\t\t<\/span>\n\t\t\t\t\t<\/a>\n\t\t\t\t<\/div>\n\t\t\t\t\t\t\t\t<\/div>\n\t\t\t\t<\/div>\n\t\t\t\t\t<\/div>\n\t\t<\/div>\n\t\t\t\t\t<\/div>\n\t\t<\/section>\n\t\t\t\t<div class=\"elementor-element elementor-element-a84c93e elementor-widget elementor-widget-spacer\" data-id=\"a84c93e\" data-element_type=\"widget\" data-e-type=\"widget\" data-widget_type=\"spacer.default\">\n\t\t\t\t<div class=\"elementor-widget-container\">\n\t\t\t\t\t\t\t<div class=\"elementor-spacer\">\n\t\t\t<div class=\"elementor-spacer-inner\"><\/div>\n\t\t<\/div>\n\t\t\t\t\t\t<\/div>\n\t\t\t\t<\/div>\n\t\t\t\t\t<\/div>\n\t\t<\/div>\n\t\t\t\t\t<\/div>\n\t\t<\/section>\n\t\t\t\t<\/div>\n\t\t","protected":false},"excerpt":{"rendered":"<p>BIENVENIDOS A NUESTRO PORTAL Somos una marca distribuidora de art\u00edculos y accesorios de Papeler\u00eda y arte; con presencia en Colombia y pa\u00edses de Centro Am\u00e9rica Pinceles y arte Papeler\u00eda<\/p>\n","protected":false},"author":1,"featured_media":0,"parent":0,"menu_order":0,"comment_status":"closed","ping_status":"closed","template":"elementor_canvas","meta":{"inline_featured_image":false,"footnotes":""},"class_list":["post-7364","page","type-page","status-publish","hentry"],"yoast_head":"<!-- This site is optimized with the Yoast SEO plugin v26.8 - https:\/\/yoast.com\/product\/yoast-seo-wordpress\/ -->\n<title>INTRANET - Ah royal<\/title>\n<meta name=\"robots\" content=\"index, follow, max-snippet:-1, max-image-preview:large, max-video-preview:-1\" \/>\n<link rel=\"canonical\" href=\"https:\/\/ahroyal.com.co\/\" \/>\n<meta property=\"og:locale\" content=\"es_ES\" \/>\n<meta property=\"og:type\" content=\"article\" \/>\n<meta property=\"og:title\" content=\"INTRANET - Ah royal\" \/>\n<meta property=\"og:description\" content=\"BIENVENIDOS A NUESTRO PORTAL Somos una marca distribuidora de art\u00edculos y accesorios de Papeler\u00eda y arte; con presencia en Colombia y pa\u00edses de Centro Am\u00e9rica Pinceles y arte Papeler\u00eda\" \/>\n<meta property=\"og:url\" content=\"https:\/\/ahroyal.com.co\/\" \/>\n<meta property=\"og:site_name\" content=\"Ah royal\" \/>\n<meta property=\"article:modified_time\" content=\"2023-07-11T04:05:06+00:00\" \/>\n<meta property=\"og:image\" content=\"https:\/\/ahroyal.com.co\/wp-content\/uploads\/elementor\/thumbs\/Logo-arte-Ahroyal-2022-q914nqe9meonff15iqxexb6vz5eppzyp80er0ihwfs.png\" \/>\n<meta name=\"twitter:card\" content=\"summary_large_image\" \/>\n<script type=\"application\/ld+json\" class=\"yoast-schema-graph\">{\"@context\":\"https:\/\/schema.org\",\"@graph\":[{\"@type\":\"WebPage\",\"@id\":\"https:\/\/ahroyal.com.co\/\",\"url\":\"https:\/\/ahroyal.com.co\/\",\"name\":\"INTRANET - Ah royal\",\"isPartOf\":{\"@id\":\"https:\/\/ahroyal.com.co\/#website\"},\"primaryImageOfPage\":{\"@id\":\"https:\/\/ahroyal.com.co\/#primaryimage\"},\"image\":{\"@id\":\"https:\/\/ahroyal.com.co\/#primaryimage\"},\"thumbnailUrl\":\"https:\/\/ahroyal.com.co\/wp-content\/uploads\/elementor\/thumbs\/Logo-arte-Ahroyal-2022-q914nqe9meonff15iqxexb6vz5eppzyp80er0ihwfs.png\",\"datePublished\":\"2023-06-24T15:09:55+00:00\",\"dateModified\":\"2023-07-11T04:05:06+00:00\",\"breadcrumb\":{\"@id\":\"https:\/\/ahroyal.com.co\/#breadcrumb\"},\"inLanguage\":\"es\",\"potentialAction\":[{\"@type\":\"ReadAction\",\"target\":[\"https:\/\/ahroyal.com.co\/\"]}]},{\"@type\":\"ImageObject\",\"inLanguage\":\"es\",\"@id\":\"https:\/\/ahroyal.com.co\/#primaryimage\",\"url\":\"https:\/\/ahroyal.com.co\/wp-content\/uploads\/elementor\/thumbs\/Logo-arte-Ahroyal-2022-q914nqe9meonff15iqxexb6vz5eppzyp80er0ihwfs.png\",\"contentUrl\":\"https:\/\/ahroyal.com.co\/wp-content\/uploads\/elementor\/thumbs\/Logo-arte-Ahroyal-2022-q914nqe9meonff15iqxexb6vz5eppzyp80er0ihwfs.png\"},{\"@type\":\"BreadcrumbList\",\"@id\":\"https:\/\/ahroyal.com.co\/#breadcrumb\",\"itemListElement\":[{\"@type\":\"ListItem\",\"position\":1,\"name\":\"Portada\",\"item\":\"https:\/\/ahroyal.com.co\/\"},{\"@type\":\"ListItem\",\"position\":2,\"name\":\"INTRANET\"}]},{\"@type\":\"WebSite\",\"@id\":\"https:\/\/ahroyal.com.co\/#website\",\"url\":\"https:\/\/ahroyal.com.co\/\",\"name\":\"Ah royal\",\"description\":\"AH ROYAL Acompa&ntilde;ando tus ideas - Marca Nacional  Papeler&iacute;a y arte, Distribuci&oacute;n en Colombia y Latino America.\",\"potentialAction\":[{\"@type\":\"SearchAction\",\"target\":{\"@type\":\"EntryPoint\",\"urlTemplate\":\"https:\/\/ahroyal.com.co\/?s={search_term_string}\"},\"query-input\":{\"@type\":\"PropertyValueSpecification\",\"valueRequired\":true,\"valueName\":\"search_term_string\"}}],\"inLanguage\":\"es\"}]}<\/script>\n<!-- \/ Yoast SEO plugin. -->","yoast_head_json":{"title":"INTRANET - Ah royal","robots":{"index":"index","follow":"follow","max-snippet":"max-snippet:-1","max-image-preview":"max-image-preview:large","max-video-preview":"max-video-preview:-1"},"canonical":"https:\/\/ahroyal.com.co\/","og_locale":"es_ES","og_type":"article","og_title":"INTRANET - Ah royal","og_description":"BIENVENIDOS A NUESTRO PORTAL Somos una marca distribuidora de art\u00edculos y accesorios de Papeler\u00eda y arte; con presencia en Colombia y pa\u00edses de Centro Am\u00e9rica Pinceles y arte Papeler\u00eda","og_url":"https:\/\/ahroyal.com.co\/","og_site_name":"Ah royal","article_modified_time":"2023-07-11T04:05:06+00:00","og_image":[{"url":"https:\/\/ahroyal.com.co\/wp-content\/uploads\/elementor\/thumbs\/Logo-arte-Ahroyal-2022-q914nqe9meonff15iqxexb6vz5eppzyp80er0ihwfs.png","type":"","width":"","height":""}],"twitter_card":"summary_large_image","schema":{"@context":"https:\/\/schema.org","@graph":[{"@type":"WebPage","@id":"https:\/\/ahroyal.com.co\/","url":"https:\/\/ahroyal.com.co\/","name":"INTRANET - Ah royal","isPartOf":{"@id":"https:\/\/ahroyal.com.co\/#website"},"primaryImageOfPage":{"@id":"https:\/\/ahroyal.com.co\/#primaryimage"},"image":{"@id":"https:\/\/ahroyal.com.co\/#primaryimage"},"thumbnailUrl":"https:\/\/ahroyal.com.co\/wp-content\/uploads\/elementor\/thumbs\/Logo-arte-Ahroyal-2022-q914nqe9meonff15iqxexb6vz5eppzyp80er0ihwfs.png","datePublished":"2023-06-24T15:09:55+00:00","dateModified":"2023-07-11T04:05:06+00:00","breadcrumb":{"@id":"https:\/\/ahroyal.com.co\/#breadcrumb"},"inLanguage":"es","potentialAction":[{"@type":"ReadAction","target":["https:\/\/ahroyal.com.co\/"]}]},{"@type":"ImageObject","inLanguage":"es","@id":"https:\/\/ahroyal.com.co\/#primaryimage","url":"https:\/\/ahroyal.com.co\/wp-content\/uploads\/elementor\/thumbs\/Logo-arte-Ahroyal-2022-q914nqe9meonff15iqxexb6vz5eppzyp80er0ihwfs.png","contentUrl":"https:\/\/ahroyal.com.co\/wp-content\/uploads\/elementor\/thumbs\/Logo-arte-Ahroyal-2022-q914nqe9meonff15iqxexb6vz5eppzyp80er0ihwfs.png"},{"@type":"BreadcrumbList","@id":"https:\/\/ahroyal.com.co\/#breadcrumb","itemListElement":[{"@type":"ListItem","position":1,"name":"Portada","item":"https:\/\/ahroyal.com.co\/"},{"@type":"ListItem","position":2,"name":"INTRANET"}]},{"@type":"WebSite","@id":"https:\/\/ahroyal.com.co\/#website","url":"https:\/\/ahroyal.com.co\/","name":"Ah royal","description":"AH ROYAL Acompa&ntilde;ando tus ideas - Marca Nacional  Papeler&iacute;a y arte, Distribuci&oacute;n en Colombia y Latino America.","potentialAction":[{"@type":"SearchAction","target":{"@type":"EntryPoint","urlTemplate":"https:\/\/ahroyal.com.co\/?s={search_term_string}"},"query-input":{"@type":"PropertyValueSpecification","valueRequired":true,"valueName":"search_term_string"}}],"inLanguage":"es"}]}},"_links":{"self":[{"href":"https:\/\/ahroyal.com.co\/index.php?rest_route=\/wp\/v2\/pages\/7364","targetHints":{"allow":["GET"]}}],"collection":[{"href":"https:\/\/ahroyal.com.co\/index.php?rest_route=\/wp\/v2\/pages"}],"about":[{"href":"https:\/\/ahroyal.com.co\/index.php?rest_route=\/wp\/v2\/types\/page"}],"author":[{"embeddable":true,"href":"https:\/\/ahroyal.com.co\/index.php?rest_route=\/wp\/v2\/users\/1"}],"replies":[{"embeddable":true,"href":"https:\/\/ahroyal.com.co\/index.php?rest_route=%2Fwp%2Fv2%2Fcomments&post=7364"}],"version-history":[{"count":23,"href":"https:\/\/ahroyal.com.co\/index.php?rest_route=\/wp\/v2\/pages\/7364\/revisions"}],"predecessor-version":[{"id":7738,"href":"https:\/\/ahroyal.com.co\/index.php?rest_route=\/wp\/v2\/pages\/7364\/revisions\/7738"}],"wp:attachment":[{"href":"https:\/\/ahroyal.com.co\/index.php?rest_route=%2Fwp%2Fv2%2Fmedia&parent=7364"}],"curies":[{"name":"wp","href":"https:\/\/api.w.org\/{rel}","templated":true}]}}