{"id":7074,"date":"2023-05-19T04:26:25","date_gmt":"2023-05-19T04:26:25","guid":{"rendered":"https:\/\/ahroyal.com.co\/?post_type=product&#038;p=7074"},"modified":"2023-08-03T05:13:51","modified_gmt":"2023-08-03T05:13:51","slug":"guillotinas","status":"publish","type":"product","link":"https:\/\/ahroyal.com.co\/?product=guillotinas","title":{"rendered":"Guillotinas"},"content":{"rendered":"<p>La guillotina es una herramienta o m\u00e1quina dise\u00f1ada para cortar papel, cart\u00f3n u otros materiales de forma precisa y recta. Su principal funci\u00f3n es proporcionar un corte limpio y uniforme en grandes cantidades de papel o cart\u00f3n, lo que la hace especialmente \u00fatil en oficinas, imprentas, escuelas, y otras actividades relacionadas con el procesamiento de papel.<\/p>\n","protected":false},"excerpt":{"rendered":"<p>Guillotinas<\/p>\n","protected":false},"featured_media":7080,"comment_status":"open","ping_status":"closed","template":"","meta":{"inline_featured_image":false},"product_brand":[],"product_cat":[172,144],"product_tag":[],"class_list":{"0":"post-7074","1":"product","2":"type-product","3":"status-publish","4":"has-post-thumbnail","6":"product_cat-maquinas-de-oficina","7":"product_cat-oficina","9":"first","10":"instock","11":"shipping-taxable","12":"product-type-simple"},"yoast_head":"<!-- This site is optimized with the Yoast SEO plugin v26.8 - https:\/\/yoast.com\/product\/yoast-seo-wordpress\/ -->\n<title>Guillotinas - Ah royal<\/title>\n<meta name=\"description\" content=\"La guillotina es una herramienta o m\u00e1quina dise\u00f1ada para cortar papel, cart\u00f3n u otros materiales de forma precisa y recta. Su principal funci\u00f3n es proporcionar un corte limpio y uniforme en grandes cantidades de papel o cart\u00f3n, lo que la hace especialmente \u00fatil en oficinas, imprentas, escuelas, y otras actividades relacionadas con el procesamiento de papel.\" \/>\n<meta name=\"robots\" content=\"index, follow, max-snippet:-1, max-image-preview:large, max-video-preview:-1\" \/>\n<link rel=\"canonical\" href=\"https:\/\/ahroyal.com.co\/?product=guillotinas\" \/>\n<meta property=\"og:locale\" content=\"es_ES\" \/>\n<meta property=\"og:type\" content=\"article\" \/>\n<meta property=\"og:title\" content=\"Guillotinas - Ah royal\" \/>\n<meta property=\"og:description\" content=\"La guillotina es una herramienta o m\u00e1quina dise\u00f1ada para cortar papel, cart\u00f3n u otros materiales de forma precisa y recta. Su principal funci\u00f3n es proporcionar un corte limpio y uniforme en grandes cantidades de papel o cart\u00f3n, lo que la hace especialmente \u00fatil en oficinas, imprentas, escuelas, y otras actividades relacionadas con el procesamiento de papel.\" \/>\n<meta property=\"og:url\" content=\"https:\/\/ahroyal.com.co\/?product=guillotinas\" \/>\n<meta property=\"og:site_name\" content=\"Ah royal\" \/>\n<meta property=\"article:modified_time\" content=\"2023-08-03T05:13:51+00:00\" \/>\n<meta property=\"og:image\" content=\"https:\/\/ahroyal.com.co\/wp-content\/uploads\/2023\/05\/guillotina-oficina-cali.png\" \/>\n\t<meta property=\"og:image:width\" content=\"900\" \/>\n\t<meta property=\"og:image:height\" content=\"780\" \/>\n\t<meta property=\"og:image:type\" content=\"image\/png\" \/>\n<meta name=\"twitter:card\" content=\"summary_large_image\" \/>\n<meta name=\"twitter:label1\" content=\"Tiempo de lectura\" \/>\n\t<meta name=\"twitter:data1\" content=\"1 minuto\" \/>\n<script type=\"application\/ld+json\" class=\"yoast-schema-graph\">{\"@context\":\"https:\/\/schema.org\",\"@graph\":[{\"@type\":\"WebPage\",\"@id\":\"https:\/\/ahroyal.com.co\/?product=guillotinas\",\"url\":\"https:\/\/ahroyal.com.co\/?product=guillotinas\",\"name\":\"Guillotinas - Ah royal\",\"isPartOf\":{\"@id\":\"https:\/\/ahroyal.com.co\/#website\"},\"primaryImageOfPage\":{\"@id\":\"https:\/\/ahroyal.com.co\/?product=guillotinas#primaryimage\"},\"image\":{\"@id\":\"https:\/\/ahroyal.com.co\/?product=guillotinas#primaryimage\"},\"thumbnailUrl\":\"https:\/\/ahroyal.com.co\/wp-content\/uploads\/2023\/05\/guillotina-oficina-cali.png\",\"datePublished\":\"2023-05-19T04:26:25+00:00\",\"dateModified\":\"2023-08-03T05:13:51+00:00\",\"description\":\"La guillotina es una herramienta o m\u00e1quina dise\u00f1ada para cortar papel, cart\u00f3n u otros materiales de forma precisa y recta. Su principal funci\u00f3n es proporcionar un corte limpio y uniforme en grandes cantidades de papel o cart\u00f3n, lo que la hace especialmente \u00fatil en oficinas, imprentas, escuelas, y otras actividades relacionadas con el procesamiento de papel.\",\"breadcrumb\":{\"@id\":\"https:\/\/ahroyal.com.co\/?product=guillotinas#breadcrumb\"},\"inLanguage\":\"es\",\"potentialAction\":[{\"@type\":\"ReadAction\",\"target\":[\"https:\/\/ahroyal.com.co\/?product=guillotinas\"]}]},{\"@type\":\"ImageObject\",\"inLanguage\":\"es\",\"@id\":\"https:\/\/ahroyal.com.co\/?product=guillotinas#primaryimage\",\"url\":\"https:\/\/ahroyal.com.co\/wp-content\/uploads\/2023\/05\/guillotina-oficina-cali.png\",\"contentUrl\":\"https:\/\/ahroyal.com.co\/wp-content\/uploads\/2023\/05\/guillotina-oficina-cali.png\",\"width\":900,\"height\":780},{\"@type\":\"BreadcrumbList\",\"@id\":\"https:\/\/ahroyal.com.co\/?product=guillotinas#breadcrumb\",\"itemListElement\":[{\"@type\":\"ListItem\",\"position\":1,\"name\":\"Portada\",\"item\":\"https:\/\/ahroyal.com.co\/\"},{\"@type\":\"ListItem\",\"position\":2,\"name\":\"Shop\",\"item\":\"https:\/\/ahroyal.com.co\/?page_id=8\"},{\"@type\":\"ListItem\",\"position\":3,\"name\":\"Guillotinas\"}]},{\"@type\":\"WebSite\",\"@id\":\"https:\/\/ahroyal.com.co\/#website\",\"url\":\"https:\/\/ahroyal.com.co\/\",\"name\":\"Ah royal\",\"description\":\"AH ROYAL Acompa&ntilde;ando tus ideas - Marca Nacional  Papeler&iacute;a y arte, Distribuci&oacute;n en Colombia y Latino America.\",\"potentialAction\":[{\"@type\":\"SearchAction\",\"target\":{\"@type\":\"EntryPoint\",\"urlTemplate\":\"https:\/\/ahroyal.com.co\/?s={search_term_string}\"},\"query-input\":{\"@type\":\"PropertyValueSpecification\",\"valueRequired\":true,\"valueName\":\"search_term_string\"}}],\"inLanguage\":\"es\"}]}<\/script>\n<!-- \/ Yoast SEO plugin. -->","yoast_head_json":{"title":"Guillotinas - Ah royal","description":"La guillotina es una herramienta o m\u00e1quina dise\u00f1ada para cortar papel, cart\u00f3n u otros materiales de forma precisa y recta. Su principal funci\u00f3n es proporcionar un corte limpio y uniforme en grandes cantidades de papel o cart\u00f3n, lo que la hace especialmente \u00fatil en oficinas, imprentas, escuelas, y otras actividades relacionadas con el procesamiento de papel.","robots":{"index":"index","follow":"follow","max-snippet":"max-snippet:-1","max-image-preview":"max-image-preview:large","max-video-preview":"max-video-preview:-1"},"canonical":"https:\/\/ahroyal.com.co\/?product=guillotinas","og_locale":"es_ES","og_type":"article","og_title":"Guillotinas - Ah royal","og_description":"La guillotina es una herramienta o m\u00e1quina dise\u00f1ada para cortar papel, cart\u00f3n u otros materiales de forma precisa y recta. Su principal funci\u00f3n es proporcionar un corte limpio y uniforme en grandes cantidades de papel o cart\u00f3n, lo que la hace especialmente \u00fatil en oficinas, imprentas, escuelas, y otras actividades relacionadas con el procesamiento de papel.","og_url":"https:\/\/ahroyal.com.co\/?product=guillotinas","og_site_name":"Ah royal","article_modified_time":"2023-08-03T05:13:51+00:00","og_image":[{"width":900,"height":780,"url":"https:\/\/ahroyal.com.co\/wp-content\/uploads\/2023\/05\/guillotina-oficina-cali.png","type":"image\/png"}],"twitter_card":"summary_large_image","twitter_misc":{"Tiempo de lectura":"1 minuto"},"schema":{"@context":"https:\/\/schema.org","@graph":[{"@type":"WebPage","@id":"https:\/\/ahroyal.com.co\/?product=guillotinas","url":"https:\/\/ahroyal.com.co\/?product=guillotinas","name":"Guillotinas - Ah royal","isPartOf":{"@id":"https:\/\/ahroyal.com.co\/#website"},"primaryImageOfPage":{"@id":"https:\/\/ahroyal.com.co\/?product=guillotinas#primaryimage"},"image":{"@id":"https:\/\/ahroyal.com.co\/?product=guillotinas#primaryimage"},"thumbnailUrl":"https:\/\/ahroyal.com.co\/wp-content\/uploads\/2023\/05\/guillotina-oficina-cali.png","datePublished":"2023-05-19T04:26:25+00:00","dateModified":"2023-08-03T05:13:51+00:00","description":"La guillotina es una herramienta o m\u00e1quina dise\u00f1ada para cortar papel, cart\u00f3n u otros materiales de forma precisa y recta. Su principal funci\u00f3n es proporcionar un corte limpio y uniforme en grandes cantidades de papel o cart\u00f3n, lo que la hace especialmente \u00fatil en oficinas, imprentas, escuelas, y otras actividades relacionadas con el procesamiento de papel.","breadcrumb":{"@id":"https:\/\/ahroyal.com.co\/?product=guillotinas#breadcrumb"},"inLanguage":"es","potentialAction":[{"@type":"ReadAction","target":["https:\/\/ahroyal.com.co\/?product=guillotinas"]}]},{"@type":"ImageObject","inLanguage":"es","@id":"https:\/\/ahroyal.com.co\/?product=guillotinas#primaryimage","url":"https:\/\/ahroyal.com.co\/wp-content\/uploads\/2023\/05\/guillotina-oficina-cali.png","contentUrl":"https:\/\/ahroyal.com.co\/wp-content\/uploads\/2023\/05\/guillotina-oficina-cali.png","width":900,"height":780},{"@type":"BreadcrumbList","@id":"https:\/\/ahroyal.com.co\/?product=guillotinas#breadcrumb","itemListElement":[{"@type":"ListItem","position":1,"name":"Portada","item":"https:\/\/ahroyal.com.co\/"},{"@type":"ListItem","position":2,"name":"Shop","item":"https:\/\/ahroyal.com.co\/?page_id=8"},{"@type":"ListItem","position":3,"name":"Guillotinas"}]},{"@type":"WebSite","@id":"https:\/\/ahroyal.com.co\/#website","url":"https:\/\/ahroyal.com.co\/","name":"Ah royal","description":"AH ROYAL Acompa&ntilde;ando tus ideas - Marca Nacional  Papeler&iacute;a y arte, Distribuci&oacute;n en Colombia y Latino America.","potentialAction":[{"@type":"SearchAction","target":{"@type":"EntryPoint","urlTemplate":"https:\/\/ahroyal.com.co\/?s={search_term_string}"},"query-input":{"@type":"PropertyValueSpecification","valueRequired":true,"valueName":"search_term_string"}}],"inLanguage":"es"}]}},"_links":{"self":[{"href":"https:\/\/ahroyal.com.co\/index.php?rest_route=\/wp\/v2\/product\/7074","targetHints":{"allow":["GET"]}}],"collection":[{"href":"https:\/\/ahroyal.com.co\/index.php?rest_route=\/wp\/v2\/product"}],"about":[{"href":"https:\/\/ahroyal.com.co\/index.php?rest_route=\/wp\/v2\/types\/product"}],"replies":[{"embeddable":true,"href":"https:\/\/ahroyal.com.co\/index.php?rest_route=%2Fwp%2Fv2%2Fcomments&post=7074"}],"wp:featuredmedia":[{"embeddable":true,"href":"https:\/\/ahroyal.com.co\/index.php?rest_route=\/wp\/v2\/media\/7080"}],"wp:attachment":[{"href":"https:\/\/ahroyal.com.co\/index.php?rest_route=%2Fwp%2Fv2%2Fmedia&parent=7074"}],"wp:term":[{"taxonomy":"product_brand","embeddable":true,"href":"https:\/\/ahroyal.com.co\/index.php?rest_route=%2Fwp%2Fv2%2Fproduct_brand&post=7074"},{"taxonomy":"product_cat","embeddable":true,"href":"https:\/\/ahroyal.com.co\/index.php?rest_route=%2Fwp%2Fv2%2Fproduct_cat&post=7074"},{"taxonomy":"product_tag","embeddable":true,"href":"https:\/\/ahroyal.com.co\/index.php?rest_route=%2Fwp%2Fv2%2Fproduct_tag&post=7074"}],"curies":[{"name":"wp","href":"https:\/\/api.w.org\/{rel}","templated":true}]}}