{"id":7423,"date":"2023-06-27T20:48:54","date_gmt":"2023-06-27T20:48:54","guid":{"rendered":"https:\/\/ahroyal.com.co\/?post_type=product&#038;p=7423"},"modified":"2026-02-15T19:41:29","modified_gmt":"2026-02-15T19:41:29","slug":"perforadora-ah-royal-industrial-para-150-hojas-2-huecos","status":"publish","type":"product","link":"https:\/\/ahroyal.com.co\/?product=perforadora-ah-royal-industrial-para-150-hojas-2-huecos","title":{"rendered":"Perforadora AH royal industrial para 150 hojas 2 huecos."},"content":{"rendered":"<p>Perforadora AH royal industrial para 150 hojas 2<br \/>\nhuecos. Una perforadora es una herramienta de oficina o manual que se utiliza para hacer agujeros en papel, cart\u00f3n, cuero, pl\u00e1stico u otros materiales similares. Su funci\u00f3n principal es perforar agujeros de manera r\u00e1pida y precisa para diversas finalidades.<\/p>\n","protected":false},"excerpt":{"rendered":"<p>Perforadora AH royal industrial para 150 hojas 2<br \/>\nhuecos.<\/p>\n<p><strong> caja x 6 unidades.<\/strong><\/p>\n","protected":false},"featured_media":7424,"comment_status":"open","ping_status":"closed","template":"","meta":{"inline_featured_image":false},"product_brand":[],"product_cat":[151,144,170,185],"product_tag":[188,146,189,147],"class_list":{"0":"post-7423","1":"product","2":"type-product","3":"status-publish","4":"has-post-thumbnail","6":"product_cat-escolar","7":"product_cat-oficina","8":"product_cat-perforadoras","9":"product_cat-tienda","10":"product_tag-manualidades","11":"product_tag-oficina","12":"product_tag-papeleria","13":"product_tag-perforadora","15":"first","16":"instock","17":"shipping-taxable","18":"product-type-simple"},"yoast_head":"<!-- This site is optimized with the Yoast SEO plugin v26.8 - https:\/\/yoast.com\/product\/yoast-seo-wordpress\/ -->\n<title>Perforadora AH royal industrial para 150 hojas 2 huecos. - Ah royal<\/title>\n<meta name=\"description\" content=\"Perforadora AH royal industrial para 150 hojas 2huecos. Una perforadora es una herramienta de oficina o manual que se utiliza para hacer agujeros en papel, cart\u00f3n, cuero, pl\u00e1stico u otros materiales similares. Su funci\u00f3n principal es perforar agujeros de manera r\u00e1pida y precisa para diversas finalidades.\u00a0\" \/>\n<meta name=\"robots\" content=\"index, follow, max-snippet:-1, max-image-preview:large, max-video-preview:-1\" \/>\n<link rel=\"canonical\" href=\"https:\/\/ahroyal.com.co\/?product=perforadora-ah-royal-industrial-para-150-hojas-2-huecos\" \/>\n<meta property=\"og:locale\" content=\"es_ES\" \/>\n<meta property=\"og:type\" content=\"article\" \/>\n<meta property=\"og:title\" content=\"Perforadora AH royal industrial para 150 hojas 2 huecos. - Ah royal\" \/>\n<meta property=\"og:description\" content=\"Perforadora AH royal industrial para 150 hojas 2huecos. Una perforadora es una herramienta de oficina o manual que se utiliza para hacer agujeros en papel, cart\u00f3n, cuero, pl\u00e1stico u otros materiales similares. Su funci\u00f3n principal es perforar agujeros de manera r\u00e1pida y precisa para diversas finalidades.\u00a0\" \/>\n<meta property=\"og:url\" content=\"https:\/\/ahroyal.com.co\/?product=perforadora-ah-royal-industrial-para-150-hojas-2-huecos\" \/>\n<meta property=\"og:site_name\" content=\"Ah royal\" \/>\n<meta property=\"article:modified_time\" content=\"2026-02-15T19:41:29+00:00\" \/>\n<meta property=\"og:image\" content=\"https:\/\/ahroyal.com.co\/wp-content\/uploads\/2023\/06\/PA1246.png\" \/>\n\t<meta property=\"og:image:width\" content=\"900\" \/>\n\t<meta property=\"og:image:height\" content=\"780\" \/>\n\t<meta property=\"og:image:type\" content=\"image\/png\" \/>\n<meta name=\"twitter:card\" content=\"summary_large_image\" \/>\n<meta name=\"twitter:label1\" content=\"Tiempo de lectura\" \/>\n\t<meta name=\"twitter:data1\" content=\"1 minuto\" \/>\n<script type=\"application\/ld+json\" class=\"yoast-schema-graph\">{\"@context\":\"https:\/\/schema.org\",\"@graph\":[{\"@type\":\"WebPage\",\"@id\":\"https:\/\/ahroyal.com.co\/?product=perforadora-ah-royal-industrial-para-150-hojas-2-huecos\",\"url\":\"https:\/\/ahroyal.com.co\/?product=perforadora-ah-royal-industrial-para-150-hojas-2-huecos\",\"name\":\"Perforadora AH royal industrial para 150 hojas 2 huecos. - Ah royal\",\"isPartOf\":{\"@id\":\"https:\/\/ahroyal.com.co\/#website\"},\"primaryImageOfPage\":{\"@id\":\"https:\/\/ahroyal.com.co\/?product=perforadora-ah-royal-industrial-para-150-hojas-2-huecos#primaryimage\"},\"image\":{\"@id\":\"https:\/\/ahroyal.com.co\/?product=perforadora-ah-royal-industrial-para-150-hojas-2-huecos#primaryimage\"},\"thumbnailUrl\":\"https:\/\/ahroyal.com.co\/wp-content\/uploads\/2023\/06\/PA1246.png\",\"datePublished\":\"2023-06-27T20:48:54+00:00\",\"dateModified\":\"2026-02-15T19:41:29+00:00\",\"description\":\"Perforadora AH royal industrial para 150 hojas 2huecos. Una perforadora es una herramienta de oficina o manual que se utiliza para hacer agujeros en papel, cart\u00f3n, cuero, pl\u00e1stico u otros materiales similares. Su funci\u00f3n principal es perforar agujeros de manera r\u00e1pida y precisa para diversas finalidades.\u00a0\",\"breadcrumb\":{\"@id\":\"https:\/\/ahroyal.com.co\/?product=perforadora-ah-royal-industrial-para-150-hojas-2-huecos#breadcrumb\"},\"inLanguage\":\"es\",\"potentialAction\":[{\"@type\":\"ReadAction\",\"target\":[\"https:\/\/ahroyal.com.co\/?product=perforadora-ah-royal-industrial-para-150-hojas-2-huecos\"]}]},{\"@type\":\"ImageObject\",\"inLanguage\":\"es\",\"@id\":\"https:\/\/ahroyal.com.co\/?product=perforadora-ah-royal-industrial-para-150-hojas-2-huecos#primaryimage\",\"url\":\"https:\/\/ahroyal.com.co\/wp-content\/uploads\/2023\/06\/PA1246.png\",\"contentUrl\":\"https:\/\/ahroyal.com.co\/wp-content\/uploads\/2023\/06\/PA1246.png\",\"width\":900,\"height\":780},{\"@type\":\"BreadcrumbList\",\"@id\":\"https:\/\/ahroyal.com.co\/?product=perforadora-ah-royal-industrial-para-150-hojas-2-huecos#breadcrumb\",\"itemListElement\":[{\"@type\":\"ListItem\",\"position\":1,\"name\":\"Portada\",\"item\":\"https:\/\/ahroyal.com.co\/\"},{\"@type\":\"ListItem\",\"position\":2,\"name\":\"Shop\",\"item\":\"https:\/\/ahroyal.com.co\/?page_id=8\"},{\"@type\":\"ListItem\",\"position\":3,\"name\":\"Perforadora AH royal industrial para 150 hojas 2 huecos.\"}]},{\"@type\":\"WebSite\",\"@id\":\"https:\/\/ahroyal.com.co\/#website\",\"url\":\"https:\/\/ahroyal.com.co\/\",\"name\":\"Ah royal\",\"description\":\"AH ROYAL Acompa&ntilde;ando tus ideas - Marca Nacional  Papeler&iacute;a y arte, Distribuci&oacute;n en Colombia y Latino America.\",\"potentialAction\":[{\"@type\":\"SearchAction\",\"target\":{\"@type\":\"EntryPoint\",\"urlTemplate\":\"https:\/\/ahroyal.com.co\/?s={search_term_string}\"},\"query-input\":{\"@type\":\"PropertyValueSpecification\",\"valueRequired\":true,\"valueName\":\"search_term_string\"}}],\"inLanguage\":\"es\"}]}<\/script>\n<!-- \/ Yoast SEO plugin. -->","yoast_head_json":{"title":"Perforadora AH royal industrial para 150 hojas 2 huecos. - Ah royal","description":"Perforadora AH royal industrial para 150 hojas 2huecos. Una perforadora es una herramienta de oficina o manual que se utiliza para hacer agujeros en papel, cart\u00f3n, cuero, pl\u00e1stico u otros materiales similares. Su funci\u00f3n principal es perforar agujeros de manera r\u00e1pida y precisa para diversas finalidades.\u00a0","robots":{"index":"index","follow":"follow","max-snippet":"max-snippet:-1","max-image-preview":"max-image-preview:large","max-video-preview":"max-video-preview:-1"},"canonical":"https:\/\/ahroyal.com.co\/?product=perforadora-ah-royal-industrial-para-150-hojas-2-huecos","og_locale":"es_ES","og_type":"article","og_title":"Perforadora AH royal industrial para 150 hojas 2 huecos. - Ah royal","og_description":"Perforadora AH royal industrial para 150 hojas 2huecos. Una perforadora es una herramienta de oficina o manual que se utiliza para hacer agujeros en papel, cart\u00f3n, cuero, pl\u00e1stico u otros materiales similares. Su funci\u00f3n principal es perforar agujeros de manera r\u00e1pida y precisa para diversas finalidades.\u00a0","og_url":"https:\/\/ahroyal.com.co\/?product=perforadora-ah-royal-industrial-para-150-hojas-2-huecos","og_site_name":"Ah royal","article_modified_time":"2026-02-15T19:41:29+00:00","og_image":[{"width":900,"height":780,"url":"https:\/\/ahroyal.com.co\/wp-content\/uploads\/2023\/06\/PA1246.png","type":"image\/png"}],"twitter_card":"summary_large_image","twitter_misc":{"Tiempo de lectura":"1 minuto"},"schema":{"@context":"https:\/\/schema.org","@graph":[{"@type":"WebPage","@id":"https:\/\/ahroyal.com.co\/?product=perforadora-ah-royal-industrial-para-150-hojas-2-huecos","url":"https:\/\/ahroyal.com.co\/?product=perforadora-ah-royal-industrial-para-150-hojas-2-huecos","name":"Perforadora AH royal industrial para 150 hojas 2 huecos. - Ah royal","isPartOf":{"@id":"https:\/\/ahroyal.com.co\/#website"},"primaryImageOfPage":{"@id":"https:\/\/ahroyal.com.co\/?product=perforadora-ah-royal-industrial-para-150-hojas-2-huecos#primaryimage"},"image":{"@id":"https:\/\/ahroyal.com.co\/?product=perforadora-ah-royal-industrial-para-150-hojas-2-huecos#primaryimage"},"thumbnailUrl":"https:\/\/ahroyal.com.co\/wp-content\/uploads\/2023\/06\/PA1246.png","datePublished":"2023-06-27T20:48:54+00:00","dateModified":"2026-02-15T19:41:29+00:00","description":"Perforadora AH royal industrial para 150 hojas 2huecos. Una perforadora es una herramienta de oficina o manual que se utiliza para hacer agujeros en papel, cart\u00f3n, cuero, pl\u00e1stico u otros materiales similares. Su funci\u00f3n principal es perforar agujeros de manera r\u00e1pida y precisa para diversas finalidades.\u00a0","breadcrumb":{"@id":"https:\/\/ahroyal.com.co\/?product=perforadora-ah-royal-industrial-para-150-hojas-2-huecos#breadcrumb"},"inLanguage":"es","potentialAction":[{"@type":"ReadAction","target":["https:\/\/ahroyal.com.co\/?product=perforadora-ah-royal-industrial-para-150-hojas-2-huecos"]}]},{"@type":"ImageObject","inLanguage":"es","@id":"https:\/\/ahroyal.com.co\/?product=perforadora-ah-royal-industrial-para-150-hojas-2-huecos#primaryimage","url":"https:\/\/ahroyal.com.co\/wp-content\/uploads\/2023\/06\/PA1246.png","contentUrl":"https:\/\/ahroyal.com.co\/wp-content\/uploads\/2023\/06\/PA1246.png","width":900,"height":780},{"@type":"BreadcrumbList","@id":"https:\/\/ahroyal.com.co\/?product=perforadora-ah-royal-industrial-para-150-hojas-2-huecos#breadcrumb","itemListElement":[{"@type":"ListItem","position":1,"name":"Portada","item":"https:\/\/ahroyal.com.co\/"},{"@type":"ListItem","position":2,"name":"Shop","item":"https:\/\/ahroyal.com.co\/?page_id=8"},{"@type":"ListItem","position":3,"name":"Perforadora AH royal industrial para 150 hojas 2 huecos."}]},{"@type":"WebSite","@id":"https:\/\/ahroyal.com.co\/#website","url":"https:\/\/ahroyal.com.co\/","name":"Ah royal","description":"AH ROYAL Acompa&ntilde;ando tus ideas - Marca Nacional  Papeler&iacute;a y arte, Distribuci&oacute;n en Colombia y Latino America.","potentialAction":[{"@type":"SearchAction","target":{"@type":"EntryPoint","urlTemplate":"https:\/\/ahroyal.com.co\/?s={search_term_string}"},"query-input":{"@type":"PropertyValueSpecification","valueRequired":true,"valueName":"search_term_string"}}],"inLanguage":"es"}]}},"_links":{"self":[{"href":"https:\/\/ahroyal.com.co\/index.php?rest_route=\/wp\/v2\/product\/7423","targetHints":{"allow":["GET"]}}],"collection":[{"href":"https:\/\/ahroyal.com.co\/index.php?rest_route=\/wp\/v2\/product"}],"about":[{"href":"https:\/\/ahroyal.com.co\/index.php?rest_route=\/wp\/v2\/types\/product"}],"replies":[{"embeddable":true,"href":"https:\/\/ahroyal.com.co\/index.php?rest_route=%2Fwp%2Fv2%2Fcomments&post=7423"}],"wp:featuredmedia":[{"embeddable":true,"href":"https:\/\/ahroyal.com.co\/index.php?rest_route=\/wp\/v2\/media\/7424"}],"wp:attachment":[{"href":"https:\/\/ahroyal.com.co\/index.php?rest_route=%2Fwp%2Fv2%2Fmedia&parent=7423"}],"wp:term":[{"taxonomy":"product_brand","embeddable":true,"href":"https:\/\/ahroyal.com.co\/index.php?rest_route=%2Fwp%2Fv2%2Fproduct_brand&post=7423"},{"taxonomy":"product_cat","embeddable":true,"href":"https:\/\/ahroyal.com.co\/index.php?rest_route=%2Fwp%2Fv2%2Fproduct_cat&post=7423"},{"taxonomy":"product_tag","embeddable":true,"href":"https:\/\/ahroyal.com.co\/index.php?rest_route=%2Fwp%2Fv2%2Fproduct_tag&post=7423"}],"curies":[{"name":"wp","href":"https:\/\/api.w.org\/{rel}","templated":true}]}}