{"id":7435,"date":"2023-06-27T21:46:41","date_gmt":"2023-06-27T21:46:41","guid":{"rendered":"https:\/\/ahroyal.com.co\/?post_type=product&#038;p=7435"},"modified":"2023-08-04T02:10:11","modified_gmt":"2023-08-04T02:10:11","slug":"tiqueteadora-ah-royal-con-tapa","status":"publish","type":"product","link":"https:\/\/ahroyal.com.co\/?product=tiqueteadora-ah-royal-con-tapa","title":{"rendered":"Tiqueteadora AH royal con tapa."},"content":{"rendered":"<p>Tiqueteadora AH royal con tapa. Una tiqueteadora, tambi\u00e9n conocida como m\u00e1quina de tickets o m\u00e1quina expendedora de boletos, es un dispositivo utilizado para imprimir y emitir tickets, recibos o etiquetas con informaci\u00f3n espec\u00edfica, como n\u00fameros, fechas, precios u otra informaci\u00f3n relevante.<\/p>\n","protected":false},"excerpt":{"rendered":"<p>Tiqueteadora AH royal con tapa.<\/p>\n","protected":false},"featured_media":7438,"comment_status":"open","ping_status":"closed","template":"","meta":{"inline_featured_image":false},"product_brand":[],"product_cat":[172,144,185],"product_tag":[148,192,189],"class_list":{"0":"post-7435","1":"product","2":"type-product","3":"status-publish","4":"has-post-thumbnail","6":"product_cat-maquinas-de-oficina","7":"product_cat-oficina","8":"product_cat-tienda","9":"product_tag-etiqueteadoras","10":"product_tag-maquina-de-oficina","11":"product_tag-papeleria","13":"first","14":"instock","15":"shipping-taxable","16":"product-type-simple"},"yoast_head":"<!-- This site is optimized with the Yoast SEO plugin v26.8 - https:\/\/yoast.com\/product\/yoast-seo-wordpress\/ -->\n<title>Tiqueteadora AH royal con tapa. - Ah royal<\/title>\n<meta name=\"description\" content=\"Tiqueteadora AH royal con tapa. Una tiqueteadora, tambi\u00e9n conocida como m\u00e1quina de tickets o m\u00e1quina expendedora de boletos, es un dispositivo utilizado para imprimir y emitir tickets, recibos o etiquetas con informaci\u00f3n espec\u00edfica, como n\u00fameros, fechas, precios u otra informaci\u00f3n relevante.\" \/>\n<meta name=\"robots\" content=\"index, follow, max-snippet:-1, max-image-preview:large, max-video-preview:-1\" \/>\n<link rel=\"canonical\" href=\"https:\/\/ahroyal.com.co\/?product=tiqueteadora-ah-royal-con-tapa\" \/>\n<meta property=\"og:locale\" content=\"es_ES\" \/>\n<meta property=\"og:type\" content=\"article\" \/>\n<meta property=\"og:title\" content=\"Tiqueteadora AH royal con tapa. - Ah royal\" \/>\n<meta property=\"og:description\" content=\"Tiqueteadora AH royal con tapa. Una tiqueteadora, tambi\u00e9n conocida como m\u00e1quina de tickets o m\u00e1quina expendedora de boletos, es un dispositivo utilizado para imprimir y emitir tickets, recibos o etiquetas con informaci\u00f3n espec\u00edfica, como n\u00fameros, fechas, precios u otra informaci\u00f3n relevante.\" \/>\n<meta property=\"og:url\" content=\"https:\/\/ahroyal.com.co\/?product=tiqueteadora-ah-royal-con-tapa\" \/>\n<meta property=\"og:site_name\" content=\"Ah royal\" \/>\n<meta property=\"article:modified_time\" content=\"2023-08-04T02:10:11+00:00\" \/>\n<meta property=\"og:image\" content=\"https:\/\/ahroyal.com.co\/wp-content\/uploads\/2023\/06\/correcion-940.png\" \/>\n\t<meta property=\"og:image:width\" content=\"900\" \/>\n\t<meta property=\"og:image:height\" content=\"780\" \/>\n\t<meta property=\"og:image:type\" content=\"image\/png\" \/>\n<meta name=\"twitter:card\" content=\"summary_large_image\" \/>\n<meta name=\"twitter:label1\" content=\"Tiempo de lectura\" \/>\n\t<meta name=\"twitter:data1\" content=\"1 minuto\" \/>\n<script type=\"application\/ld+json\" class=\"yoast-schema-graph\">{\"@context\":\"https:\/\/schema.org\",\"@graph\":[{\"@type\":\"WebPage\",\"@id\":\"https:\/\/ahroyal.com.co\/?product=tiqueteadora-ah-royal-con-tapa\",\"url\":\"https:\/\/ahroyal.com.co\/?product=tiqueteadora-ah-royal-con-tapa\",\"name\":\"Tiqueteadora AH royal con tapa. - Ah royal\",\"isPartOf\":{\"@id\":\"https:\/\/ahroyal.com.co\/#website\"},\"primaryImageOfPage\":{\"@id\":\"https:\/\/ahroyal.com.co\/?product=tiqueteadora-ah-royal-con-tapa#primaryimage\"},\"image\":{\"@id\":\"https:\/\/ahroyal.com.co\/?product=tiqueteadora-ah-royal-con-tapa#primaryimage\"},\"thumbnailUrl\":\"https:\/\/ahroyal.com.co\/wp-content\/uploads\/2023\/06\/correcion-940.png\",\"datePublished\":\"2023-06-27T21:46:41+00:00\",\"dateModified\":\"2023-08-04T02:10:11+00:00\",\"description\":\"Tiqueteadora AH royal con tapa. Una tiqueteadora, tambi\u00e9n conocida como m\u00e1quina de tickets o m\u00e1quina expendedora de boletos, es un dispositivo utilizado para imprimir y emitir tickets, recibos o etiquetas con informaci\u00f3n espec\u00edfica, como n\u00fameros, fechas, precios u otra informaci\u00f3n relevante.\",\"breadcrumb\":{\"@id\":\"https:\/\/ahroyal.com.co\/?product=tiqueteadora-ah-royal-con-tapa#breadcrumb\"},\"inLanguage\":\"es\",\"potentialAction\":[{\"@type\":\"ReadAction\",\"target\":[\"https:\/\/ahroyal.com.co\/?product=tiqueteadora-ah-royal-con-tapa\"]}]},{\"@type\":\"ImageObject\",\"inLanguage\":\"es\",\"@id\":\"https:\/\/ahroyal.com.co\/?product=tiqueteadora-ah-royal-con-tapa#primaryimage\",\"url\":\"https:\/\/ahroyal.com.co\/wp-content\/uploads\/2023\/06\/correcion-940.png\",\"contentUrl\":\"https:\/\/ahroyal.com.co\/wp-content\/uploads\/2023\/06\/correcion-940.png\",\"width\":900,\"height\":780},{\"@type\":\"BreadcrumbList\",\"@id\":\"https:\/\/ahroyal.com.co\/?product=tiqueteadora-ah-royal-con-tapa#breadcrumb\",\"itemListElement\":[{\"@type\":\"ListItem\",\"position\":1,\"name\":\"Portada\",\"item\":\"https:\/\/ahroyal.com.co\/\"},{\"@type\":\"ListItem\",\"position\":2,\"name\":\"Shop\",\"item\":\"https:\/\/ahroyal.com.co\/?page_id=8\"},{\"@type\":\"ListItem\",\"position\":3,\"name\":\"Tiqueteadora AH royal con tapa.\"}]},{\"@type\":\"WebSite\",\"@id\":\"https:\/\/ahroyal.com.co\/#website\",\"url\":\"https:\/\/ahroyal.com.co\/\",\"name\":\"Ah royal\",\"description\":\"AH ROYAL Acompa&ntilde;ando tus ideas - Marca Nacional  Papeler&iacute;a y arte, Distribuci&oacute;n en Colombia y Latino America.\",\"potentialAction\":[{\"@type\":\"SearchAction\",\"target\":{\"@type\":\"EntryPoint\",\"urlTemplate\":\"https:\/\/ahroyal.com.co\/?s={search_term_string}\"},\"query-input\":{\"@type\":\"PropertyValueSpecification\",\"valueRequired\":true,\"valueName\":\"search_term_string\"}}],\"inLanguage\":\"es\"}]}<\/script>\n<!-- \/ Yoast SEO plugin. -->","yoast_head_json":{"title":"Tiqueteadora AH royal con tapa. - Ah royal","description":"Tiqueteadora AH royal con tapa. Una tiqueteadora, tambi\u00e9n conocida como m\u00e1quina de tickets o m\u00e1quina expendedora de boletos, es un dispositivo utilizado para imprimir y emitir tickets, recibos o etiquetas con informaci\u00f3n espec\u00edfica, como n\u00fameros, fechas, precios u otra informaci\u00f3n relevante.","robots":{"index":"index","follow":"follow","max-snippet":"max-snippet:-1","max-image-preview":"max-image-preview:large","max-video-preview":"max-video-preview:-1"},"canonical":"https:\/\/ahroyal.com.co\/?product=tiqueteadora-ah-royal-con-tapa","og_locale":"es_ES","og_type":"article","og_title":"Tiqueteadora AH royal con tapa. - Ah royal","og_description":"Tiqueteadora AH royal con tapa. Una tiqueteadora, tambi\u00e9n conocida como m\u00e1quina de tickets o m\u00e1quina expendedora de boletos, es un dispositivo utilizado para imprimir y emitir tickets, recibos o etiquetas con informaci\u00f3n espec\u00edfica, como n\u00fameros, fechas, precios u otra informaci\u00f3n relevante.","og_url":"https:\/\/ahroyal.com.co\/?product=tiqueteadora-ah-royal-con-tapa","og_site_name":"Ah royal","article_modified_time":"2023-08-04T02:10:11+00:00","og_image":[{"width":900,"height":780,"url":"https:\/\/ahroyal.com.co\/wp-content\/uploads\/2023\/06\/correcion-940.png","type":"image\/png"}],"twitter_card":"summary_large_image","twitter_misc":{"Tiempo de lectura":"1 minuto"},"schema":{"@context":"https:\/\/schema.org","@graph":[{"@type":"WebPage","@id":"https:\/\/ahroyal.com.co\/?product=tiqueteadora-ah-royal-con-tapa","url":"https:\/\/ahroyal.com.co\/?product=tiqueteadora-ah-royal-con-tapa","name":"Tiqueteadora AH royal con tapa. - Ah royal","isPartOf":{"@id":"https:\/\/ahroyal.com.co\/#website"},"primaryImageOfPage":{"@id":"https:\/\/ahroyal.com.co\/?product=tiqueteadora-ah-royal-con-tapa#primaryimage"},"image":{"@id":"https:\/\/ahroyal.com.co\/?product=tiqueteadora-ah-royal-con-tapa#primaryimage"},"thumbnailUrl":"https:\/\/ahroyal.com.co\/wp-content\/uploads\/2023\/06\/correcion-940.png","datePublished":"2023-06-27T21:46:41+00:00","dateModified":"2023-08-04T02:10:11+00:00","description":"Tiqueteadora AH royal con tapa. Una tiqueteadora, tambi\u00e9n conocida como m\u00e1quina de tickets o m\u00e1quina expendedora de boletos, es un dispositivo utilizado para imprimir y emitir tickets, recibos o etiquetas con informaci\u00f3n espec\u00edfica, como n\u00fameros, fechas, precios u otra informaci\u00f3n relevante.","breadcrumb":{"@id":"https:\/\/ahroyal.com.co\/?product=tiqueteadora-ah-royal-con-tapa#breadcrumb"},"inLanguage":"es","potentialAction":[{"@type":"ReadAction","target":["https:\/\/ahroyal.com.co\/?product=tiqueteadora-ah-royal-con-tapa"]}]},{"@type":"ImageObject","inLanguage":"es","@id":"https:\/\/ahroyal.com.co\/?product=tiqueteadora-ah-royal-con-tapa#primaryimage","url":"https:\/\/ahroyal.com.co\/wp-content\/uploads\/2023\/06\/correcion-940.png","contentUrl":"https:\/\/ahroyal.com.co\/wp-content\/uploads\/2023\/06\/correcion-940.png","width":900,"height":780},{"@type":"BreadcrumbList","@id":"https:\/\/ahroyal.com.co\/?product=tiqueteadora-ah-royal-con-tapa#breadcrumb","itemListElement":[{"@type":"ListItem","position":1,"name":"Portada","item":"https:\/\/ahroyal.com.co\/"},{"@type":"ListItem","position":2,"name":"Shop","item":"https:\/\/ahroyal.com.co\/?page_id=8"},{"@type":"ListItem","position":3,"name":"Tiqueteadora AH royal con tapa."}]},{"@type":"WebSite","@id":"https:\/\/ahroyal.com.co\/#website","url":"https:\/\/ahroyal.com.co\/","name":"Ah royal","description":"AH ROYAL Acompa&ntilde;ando tus ideas - Marca Nacional  Papeler&iacute;a y arte, Distribuci&oacute;n en Colombia y Latino America.","potentialAction":[{"@type":"SearchAction","target":{"@type":"EntryPoint","urlTemplate":"https:\/\/ahroyal.com.co\/?s={search_term_string}"},"query-input":{"@type":"PropertyValueSpecification","valueRequired":true,"valueName":"search_term_string"}}],"inLanguage":"es"}]}},"_links":{"self":[{"href":"https:\/\/ahroyal.com.co\/index.php?rest_route=\/wp\/v2\/product\/7435","targetHints":{"allow":["GET"]}}],"collection":[{"href":"https:\/\/ahroyal.com.co\/index.php?rest_route=\/wp\/v2\/product"}],"about":[{"href":"https:\/\/ahroyal.com.co\/index.php?rest_route=\/wp\/v2\/types\/product"}],"replies":[{"embeddable":true,"href":"https:\/\/ahroyal.com.co\/index.php?rest_route=%2Fwp%2Fv2%2Fcomments&post=7435"}],"wp:featuredmedia":[{"embeddable":true,"href":"https:\/\/ahroyal.com.co\/index.php?rest_route=\/wp\/v2\/media\/7438"}],"wp:attachment":[{"href":"https:\/\/ahroyal.com.co\/index.php?rest_route=%2Fwp%2Fv2%2Fmedia&parent=7435"}],"wp:term":[{"taxonomy":"product_brand","embeddable":true,"href":"https:\/\/ahroyal.com.co\/index.php?rest_route=%2Fwp%2Fv2%2Fproduct_brand&post=7435"},{"taxonomy":"product_cat","embeddable":true,"href":"https:\/\/ahroyal.com.co\/index.php?rest_route=%2Fwp%2Fv2%2Fproduct_cat&post=7435"},{"taxonomy":"product_tag","embeddable":true,"href":"https:\/\/ahroyal.com.co\/index.php?rest_route=%2Fwp%2Fv2%2Fproduct_tag&post=7435"}],"curies":[{"name":"wp","href":"https:\/\/api.w.org\/{rel}","templated":true}]}}