{"id":7595,"date":"2023-06-28T18:01:53","date_gmt":"2023-06-28T18:01:53","guid":{"rendered":"https:\/\/ahroyal.com.co\/?post_type=product&#038;p=7595"},"modified":"2023-08-03T03:16:32","modified_gmt":"2023-08-03T03:16:32","slug":"cinta-de-enmascarar-ah-royal-48mm-2-x-20","status":"publish","type":"product","link":"https:\/\/ahroyal.com.co\/?product=cinta-de-enmascarar-ah-royal-48mm-2-x-20","title":{"rendered":"Cinta de enmascarar AH royal 48mm-2\u201d x 20."},"content":{"rendered":"<p>Cinta de enmascarar AH royal 48mm-2\u201d x 20. Tambi\u00e9n conocida como cinta adhesiva o celo, se utiliza para unir o pegar objetos de papel, cart\u00f3n u otros materiales ligeros. Es com\u00fanmente utilizada en oficinas, escuelas y hogares para fijar documentos, hacer manualidades, o cerrar paquetes peque\u00f1os.<\/p>\n","protected":false},"excerpt":{"rendered":"<p>Cinta de enmascarar AH royal 48mm-2\u201d x 20.<\/p>\n<p><strong>Caja x 72 unds.<\/strong><\/p>\n","protected":false},"featured_media":7596,"comment_status":"open","ping_status":"closed","template":"","meta":{"inline_featured_image":false},"product_brand":[],"product_cat":[179,151,144,185],"product_tag":[214,188,146,189],"class_list":{"0":"post-7595","1":"product","2":"type-product","3":"status-publish","4":"has-post-thumbnail","6":"product_cat-cintas","7":"product_cat-escolar","8":"product_cat-oficina","9":"product_cat-tienda","10":"product_tag-cinta","11":"product_tag-manualidades","12":"product_tag-oficina","13":"product_tag-papeleria","15":"first","16":"instock","17":"shipping-taxable","18":"product-type-simple"},"yoast_head":"<!-- This site is optimized with the Yoast SEO plugin v26.8 - https:\/\/yoast.com\/product\/yoast-seo-wordpress\/ -->\n<title>Cinta de enmascarar AH royal 48mm-2\u201d x 20. - Ah royal<\/title>\n<meta name=\"description\" content=\"Cinta de enmascarar AH royal 48mm-2\u201d x 20. Tambi\u00e9n conocida como cinta adhesiva o celo, se utiliza para unir o pegar objetos de papel, cart\u00f3n u otros materiales ligeros. Es com\u00fanmente utilizada en oficinas, escuelas y hogares para fijar documentos, hacer manualidades, o cerrar paquetes peque\u00f1os.\" \/>\n<meta name=\"robots\" content=\"index, follow, max-snippet:-1, max-image-preview:large, max-video-preview:-1\" \/>\n<link rel=\"canonical\" href=\"https:\/\/ahroyal.com.co\/?product=cinta-de-enmascarar-ah-royal-48mm-2-x-20\" \/>\n<meta property=\"og:locale\" content=\"es_ES\" \/>\n<meta property=\"og:type\" content=\"article\" \/>\n<meta property=\"og:title\" content=\"Cinta de enmascarar AH royal 48mm-2\u201d x 20. - Ah royal\" \/>\n<meta property=\"og:description\" content=\"Cinta de enmascarar AH royal 48mm-2\u201d x 20. Tambi\u00e9n conocida como cinta adhesiva o celo, se utiliza para unir o pegar objetos de papel, cart\u00f3n u otros materiales ligeros. Es com\u00fanmente utilizada en oficinas, escuelas y hogares para fijar documentos, hacer manualidades, o cerrar paquetes peque\u00f1os.\" \/>\n<meta property=\"og:url\" content=\"https:\/\/ahroyal.com.co\/?product=cinta-de-enmascarar-ah-royal-48mm-2-x-20\" \/>\n<meta property=\"og:site_name\" content=\"Ah royal\" \/>\n<meta property=\"article:modified_time\" content=\"2023-08-03T03:16:32+00:00\" \/>\n<meta property=\"og:image\" content=\"https:\/\/ahroyal.com.co\/wp-content\/uploads\/2023\/06\/PA112-1-1024x1024.png\" \/>\n\t<meta property=\"og:image:width\" content=\"1024\" \/>\n\t<meta property=\"og:image:height\" content=\"1024\" \/>\n\t<meta property=\"og:image:type\" content=\"image\/png\" \/>\n<meta name=\"twitter:card\" content=\"summary_large_image\" \/>\n<meta name=\"twitter:label1\" content=\"Tiempo de lectura\" \/>\n\t<meta name=\"twitter:data1\" content=\"1 minuto\" \/>\n<script type=\"application\/ld+json\" class=\"yoast-schema-graph\">{\"@context\":\"https:\/\/schema.org\",\"@graph\":[{\"@type\":\"WebPage\",\"@id\":\"https:\/\/ahroyal.com.co\/?product=cinta-de-enmascarar-ah-royal-48mm-2-x-20\",\"url\":\"https:\/\/ahroyal.com.co\/?product=cinta-de-enmascarar-ah-royal-48mm-2-x-20\",\"name\":\"Cinta de enmascarar AH royal 48mm-2\u201d x 20. - Ah royal\",\"isPartOf\":{\"@id\":\"https:\/\/ahroyal.com.co\/#website\"},\"primaryImageOfPage\":{\"@id\":\"https:\/\/ahroyal.com.co\/?product=cinta-de-enmascarar-ah-royal-48mm-2-x-20#primaryimage\"},\"image\":{\"@id\":\"https:\/\/ahroyal.com.co\/?product=cinta-de-enmascarar-ah-royal-48mm-2-x-20#primaryimage\"},\"thumbnailUrl\":\"https:\/\/ahroyal.com.co\/wp-content\/uploads\/2023\/06\/PA112-1.png\",\"datePublished\":\"2023-06-28T18:01:53+00:00\",\"dateModified\":\"2023-08-03T03:16:32+00:00\",\"description\":\"Cinta de enmascarar AH royal 48mm-2\u201d x 20. Tambi\u00e9n conocida como cinta adhesiva o celo, se utiliza para unir o pegar objetos de papel, cart\u00f3n u otros materiales ligeros. Es com\u00fanmente utilizada en oficinas, escuelas y hogares para fijar documentos, hacer manualidades, o cerrar paquetes peque\u00f1os.\",\"breadcrumb\":{\"@id\":\"https:\/\/ahroyal.com.co\/?product=cinta-de-enmascarar-ah-royal-48mm-2-x-20#breadcrumb\"},\"inLanguage\":\"es\",\"potentialAction\":[{\"@type\":\"ReadAction\",\"target\":[\"https:\/\/ahroyal.com.co\/?product=cinta-de-enmascarar-ah-royal-48mm-2-x-20\"]}]},{\"@type\":\"ImageObject\",\"inLanguage\":\"es\",\"@id\":\"https:\/\/ahroyal.com.co\/?product=cinta-de-enmascarar-ah-royal-48mm-2-x-20#primaryimage\",\"url\":\"https:\/\/ahroyal.com.co\/wp-content\/uploads\/2023\/06\/PA112-1.png\",\"contentUrl\":\"https:\/\/ahroyal.com.co\/wp-content\/uploads\/2023\/06\/PA112-1.png\",\"width\":2000,\"height\":2000},{\"@type\":\"BreadcrumbList\",\"@id\":\"https:\/\/ahroyal.com.co\/?product=cinta-de-enmascarar-ah-royal-48mm-2-x-20#breadcrumb\",\"itemListElement\":[{\"@type\":\"ListItem\",\"position\":1,\"name\":\"Portada\",\"item\":\"https:\/\/ahroyal.com.co\/\"},{\"@type\":\"ListItem\",\"position\":2,\"name\":\"Shop\",\"item\":\"https:\/\/ahroyal.com.co\/?page_id=8\"},{\"@type\":\"ListItem\",\"position\":3,\"name\":\"Cinta de enmascarar AH royal 48mm-2\u201d x 20.\"}]},{\"@type\":\"WebSite\",\"@id\":\"https:\/\/ahroyal.com.co\/#website\",\"url\":\"https:\/\/ahroyal.com.co\/\",\"name\":\"Ah royal\",\"description\":\"AH ROYAL Acompa&ntilde;ando tus ideas - Marca Nacional  Papeler&iacute;a y arte, Distribuci&oacute;n en Colombia y Latino America.\",\"potentialAction\":[{\"@type\":\"SearchAction\",\"target\":{\"@type\":\"EntryPoint\",\"urlTemplate\":\"https:\/\/ahroyal.com.co\/?s={search_term_string}\"},\"query-input\":{\"@type\":\"PropertyValueSpecification\",\"valueRequired\":true,\"valueName\":\"search_term_string\"}}],\"inLanguage\":\"es\"}]}<\/script>\n<!-- \/ Yoast SEO plugin. -->","yoast_head_json":{"title":"Cinta de enmascarar AH royal 48mm-2\u201d x 20. - Ah royal","description":"Cinta de enmascarar AH royal 48mm-2\u201d x 20. Tambi\u00e9n conocida como cinta adhesiva o celo, se utiliza para unir o pegar objetos de papel, cart\u00f3n u otros materiales ligeros. Es com\u00fanmente utilizada en oficinas, escuelas y hogares para fijar documentos, hacer manualidades, o cerrar paquetes peque\u00f1os.","robots":{"index":"index","follow":"follow","max-snippet":"max-snippet:-1","max-image-preview":"max-image-preview:large","max-video-preview":"max-video-preview:-1"},"canonical":"https:\/\/ahroyal.com.co\/?product=cinta-de-enmascarar-ah-royal-48mm-2-x-20","og_locale":"es_ES","og_type":"article","og_title":"Cinta de enmascarar AH royal 48mm-2\u201d x 20. - Ah royal","og_description":"Cinta de enmascarar AH royal 48mm-2\u201d x 20. Tambi\u00e9n conocida como cinta adhesiva o celo, se utiliza para unir o pegar objetos de papel, cart\u00f3n u otros materiales ligeros. Es com\u00fanmente utilizada en oficinas, escuelas y hogares para fijar documentos, hacer manualidades, o cerrar paquetes peque\u00f1os.","og_url":"https:\/\/ahroyal.com.co\/?product=cinta-de-enmascarar-ah-royal-48mm-2-x-20","og_site_name":"Ah royal","article_modified_time":"2023-08-03T03:16:32+00:00","og_image":[{"width":1024,"height":1024,"url":"https:\/\/ahroyal.com.co\/wp-content\/uploads\/2023\/06\/PA112-1-1024x1024.png","type":"image\/png"}],"twitter_card":"summary_large_image","twitter_misc":{"Tiempo de lectura":"1 minuto"},"schema":{"@context":"https:\/\/schema.org","@graph":[{"@type":"WebPage","@id":"https:\/\/ahroyal.com.co\/?product=cinta-de-enmascarar-ah-royal-48mm-2-x-20","url":"https:\/\/ahroyal.com.co\/?product=cinta-de-enmascarar-ah-royal-48mm-2-x-20","name":"Cinta de enmascarar AH royal 48mm-2\u201d x 20. - Ah royal","isPartOf":{"@id":"https:\/\/ahroyal.com.co\/#website"},"primaryImageOfPage":{"@id":"https:\/\/ahroyal.com.co\/?product=cinta-de-enmascarar-ah-royal-48mm-2-x-20#primaryimage"},"image":{"@id":"https:\/\/ahroyal.com.co\/?product=cinta-de-enmascarar-ah-royal-48mm-2-x-20#primaryimage"},"thumbnailUrl":"https:\/\/ahroyal.com.co\/wp-content\/uploads\/2023\/06\/PA112-1.png","datePublished":"2023-06-28T18:01:53+00:00","dateModified":"2023-08-03T03:16:32+00:00","description":"Cinta de enmascarar AH royal 48mm-2\u201d x 20. Tambi\u00e9n conocida como cinta adhesiva o celo, se utiliza para unir o pegar objetos de papel, cart\u00f3n u otros materiales ligeros. Es com\u00fanmente utilizada en oficinas, escuelas y hogares para fijar documentos, hacer manualidades, o cerrar paquetes peque\u00f1os.","breadcrumb":{"@id":"https:\/\/ahroyal.com.co\/?product=cinta-de-enmascarar-ah-royal-48mm-2-x-20#breadcrumb"},"inLanguage":"es","potentialAction":[{"@type":"ReadAction","target":["https:\/\/ahroyal.com.co\/?product=cinta-de-enmascarar-ah-royal-48mm-2-x-20"]}]},{"@type":"ImageObject","inLanguage":"es","@id":"https:\/\/ahroyal.com.co\/?product=cinta-de-enmascarar-ah-royal-48mm-2-x-20#primaryimage","url":"https:\/\/ahroyal.com.co\/wp-content\/uploads\/2023\/06\/PA112-1.png","contentUrl":"https:\/\/ahroyal.com.co\/wp-content\/uploads\/2023\/06\/PA112-1.png","width":2000,"height":2000},{"@type":"BreadcrumbList","@id":"https:\/\/ahroyal.com.co\/?product=cinta-de-enmascarar-ah-royal-48mm-2-x-20#breadcrumb","itemListElement":[{"@type":"ListItem","position":1,"name":"Portada","item":"https:\/\/ahroyal.com.co\/"},{"@type":"ListItem","position":2,"name":"Shop","item":"https:\/\/ahroyal.com.co\/?page_id=8"},{"@type":"ListItem","position":3,"name":"Cinta de enmascarar AH royal 48mm-2\u201d x 20."}]},{"@type":"WebSite","@id":"https:\/\/ahroyal.com.co\/#website","url":"https:\/\/ahroyal.com.co\/","name":"Ah royal","description":"AH ROYAL Acompa&ntilde;ando tus ideas - Marca Nacional  Papeler&iacute;a y arte, Distribuci&oacute;n en Colombia y Latino America.","potentialAction":[{"@type":"SearchAction","target":{"@type":"EntryPoint","urlTemplate":"https:\/\/ahroyal.com.co\/?s={search_term_string}"},"query-input":{"@type":"PropertyValueSpecification","valueRequired":true,"valueName":"search_term_string"}}],"inLanguage":"es"}]}},"_links":{"self":[{"href":"https:\/\/ahroyal.com.co\/index.php?rest_route=\/wp\/v2\/product\/7595","targetHints":{"allow":["GET"]}}],"collection":[{"href":"https:\/\/ahroyal.com.co\/index.php?rest_route=\/wp\/v2\/product"}],"about":[{"href":"https:\/\/ahroyal.com.co\/index.php?rest_route=\/wp\/v2\/types\/product"}],"replies":[{"embeddable":true,"href":"https:\/\/ahroyal.com.co\/index.php?rest_route=%2Fwp%2Fv2%2Fcomments&post=7595"}],"wp:featuredmedia":[{"embeddable":true,"href":"https:\/\/ahroyal.com.co\/index.php?rest_route=\/wp\/v2\/media\/7596"}],"wp:attachment":[{"href":"https:\/\/ahroyal.com.co\/index.php?rest_route=%2Fwp%2Fv2%2Fmedia&parent=7595"}],"wp:term":[{"taxonomy":"product_brand","embeddable":true,"href":"https:\/\/ahroyal.com.co\/index.php?rest_route=%2Fwp%2Fv2%2Fproduct_brand&post=7595"},{"taxonomy":"product_cat","embeddable":true,"href":"https:\/\/ahroyal.com.co\/index.php?rest_route=%2Fwp%2Fv2%2Fproduct_cat&post=7595"},{"taxonomy":"product_tag","embeddable":true,"href":"https:\/\/ahroyal.com.co\/index.php?rest_route=%2Fwp%2Fv2%2Fproduct_tag&post=7595"}],"curies":[{"name":"wp","href":"https:\/\/api.w.org\/{rel}","templated":true}]}}