{"id":7605,"date":"2023-06-28T18:44:34","date_gmt":"2023-06-28T18:44:34","guid":{"rendered":"https:\/\/ahroyal.com.co\/?post_type=product&#038;p=7605"},"modified":"2023-08-04T02:07:16","modified_gmt":"2023-08-04T02:07:16","slug":"rollo-tiquetadora-sencillo-color-blanco","status":"publish","type":"product","link":"https:\/\/ahroyal.com.co\/?product=rollo-tiquetadora-sencillo-color-blanco","title":{"rendered":"Rollo tiquetadora sencillo color blanco. caja  x 200 unds."},"content":{"rendered":"<p>Rollo tiquetadora sencillo color blanco . Una tiqueteadora, tambi\u00e9n conocida como m\u00e1quina de tickets o m\u00e1quina expendedora de boletos, es un dispositivo utilizado para imprimir y emitir tickets, recibos o etiquetas con informaci\u00f3n espec\u00edfica, como n\u00fameros, fechas, precios u otra informaci\u00f3n relevante.<\/p>\n","protected":false},"excerpt":{"rendered":"<p>Rollo tiquetadora sencillo color blanco.<\/p>\n<p><strong>Caja x 200 unds.<\/strong><\/p>\n","protected":false},"featured_media":7606,"comment_status":"open","ping_status":"closed","template":"","meta":{"inline_featured_image":false},"product_brand":[],"product_cat":[15,151,144,178,185],"product_tag":[146,220,217],"class_list":{"0":"post-7605","1":"product","2":"type-product","3":"status-publish","4":"has-post-thumbnail","6":"product_cat-uncategorized","7":"product_cat-escolar","8":"product_cat-oficina","9":"product_cat-rollo-de-etiquetas","10":"product_cat-tienda","11":"product_tag-oficina","12":"product_tag-pappeleria","13":"product_tag-rollo-de-etiqueteadora","15":"first","16":"instock","17":"shipping-taxable","18":"product-type-simple"},"yoast_head":"<!-- This site is optimized with the Yoast SEO plugin v26.8 - https:\/\/yoast.com\/product\/yoast-seo-wordpress\/ -->\n<title>Rollo tiquetadora sencillo color blanco. caja x 200 unds. - Ah royal<\/title>\n<meta name=\"description\" content=\"Rollo tiquetadora sencillo color blanco . Una tiqueteadora, tambi\u00e9n conocida como m\u00e1quina de tickets o m\u00e1quina expendedora de boletos, es un dispositivo utilizado para imprimir y emitir tickets, recibos o etiquetas con informaci\u00f3n espec\u00edfica, como n\u00fameros, fechas, precios u otra informaci\u00f3n relevante.\" \/>\n<meta name=\"robots\" content=\"index, follow, max-snippet:-1, max-image-preview:large, max-video-preview:-1\" \/>\n<link rel=\"canonical\" href=\"https:\/\/ahroyal.com.co\/?product=rollo-tiquetadora-sencillo-color-blanco\" \/>\n<meta property=\"og:locale\" content=\"es_ES\" \/>\n<meta property=\"og:type\" content=\"article\" \/>\n<meta property=\"og:title\" content=\"Rollo tiquetadora sencillo color blanco. caja x 200 unds. - Ah royal\" \/>\n<meta property=\"og:description\" content=\"Rollo tiquetadora sencillo color blanco . Una tiqueteadora, tambi\u00e9n conocida como m\u00e1quina de tickets o m\u00e1quina expendedora de boletos, es un dispositivo utilizado para imprimir y emitir tickets, recibos o etiquetas con informaci\u00f3n espec\u00edfica, como n\u00fameros, fechas, precios u otra informaci\u00f3n relevante.\" \/>\n<meta property=\"og:url\" content=\"https:\/\/ahroyal.com.co\/?product=rollo-tiquetadora-sencillo-color-blanco\" \/>\n<meta property=\"og:site_name\" content=\"Ah royal\" \/>\n<meta property=\"article:modified_time\" content=\"2023-08-04T02:07:16+00:00\" \/>\n<meta property=\"og:image\" content=\"https:\/\/ahroyal.com.co\/wp-content\/uploads\/2023\/06\/PA300.png\" \/>\n\t<meta property=\"og:image:width\" content=\"2000\" \/>\n\t<meta property=\"og:image:height\" content=\"2000\" \/>\n\t<meta property=\"og:image:type\" content=\"image\/png\" \/>\n<meta name=\"twitter:card\" content=\"summary_large_image\" \/>\n<meta name=\"twitter:label1\" content=\"Tiempo de lectura\" \/>\n\t<meta name=\"twitter:data1\" content=\"1 minuto\" \/>\n<script type=\"application\/ld+json\" class=\"yoast-schema-graph\">{\"@context\":\"https:\/\/schema.org\",\"@graph\":[{\"@type\":\"WebPage\",\"@id\":\"https:\/\/ahroyal.com.co\/?product=rollo-tiquetadora-sencillo-color-blanco\",\"url\":\"https:\/\/ahroyal.com.co\/?product=rollo-tiquetadora-sencillo-color-blanco\",\"name\":\"Rollo tiquetadora sencillo color blanco. caja x 200 unds. - Ah royal\",\"isPartOf\":{\"@id\":\"https:\/\/ahroyal.com.co\/#website\"},\"primaryImageOfPage\":{\"@id\":\"https:\/\/ahroyal.com.co\/?product=rollo-tiquetadora-sencillo-color-blanco#primaryimage\"},\"image\":{\"@id\":\"https:\/\/ahroyal.com.co\/?product=rollo-tiquetadora-sencillo-color-blanco#primaryimage\"},\"thumbnailUrl\":\"https:\/\/ahroyal.com.co\/wp-content\/uploads\/2023\/06\/PA300.png\",\"datePublished\":\"2023-06-28T18:44:34+00:00\",\"dateModified\":\"2023-08-04T02:07:16+00:00\",\"description\":\"Rollo tiquetadora sencillo color blanco . Una tiqueteadora, tambi\u00e9n conocida como m\u00e1quina de tickets o m\u00e1quina expendedora de boletos, es un dispositivo utilizado para imprimir y emitir tickets, recibos o etiquetas con informaci\u00f3n espec\u00edfica, como n\u00fameros, fechas, precios u otra informaci\u00f3n relevante.\",\"breadcrumb\":{\"@id\":\"https:\/\/ahroyal.com.co\/?product=rollo-tiquetadora-sencillo-color-blanco#breadcrumb\"},\"inLanguage\":\"es\",\"potentialAction\":[{\"@type\":\"ReadAction\",\"target\":[\"https:\/\/ahroyal.com.co\/?product=rollo-tiquetadora-sencillo-color-blanco\"]}]},{\"@type\":\"ImageObject\",\"inLanguage\":\"es\",\"@id\":\"https:\/\/ahroyal.com.co\/?product=rollo-tiquetadora-sencillo-color-blanco#primaryimage\",\"url\":\"https:\/\/ahroyal.com.co\/wp-content\/uploads\/2023\/06\/PA300.png\",\"contentUrl\":\"https:\/\/ahroyal.com.co\/wp-content\/uploads\/2023\/06\/PA300.png\",\"width\":2000,\"height\":2000},{\"@type\":\"BreadcrumbList\",\"@id\":\"https:\/\/ahroyal.com.co\/?product=rollo-tiquetadora-sencillo-color-blanco#breadcrumb\",\"itemListElement\":[{\"@type\":\"ListItem\",\"position\":1,\"name\":\"Portada\",\"item\":\"https:\/\/ahroyal.com.co\/\"},{\"@type\":\"ListItem\",\"position\":2,\"name\":\"Shop\",\"item\":\"https:\/\/ahroyal.com.co\/?page_id=8\"},{\"@type\":\"ListItem\",\"position\":3,\"name\":\"Rollo tiquetadora sencillo color blanco. caja x 200 unds.\"}]},{\"@type\":\"WebSite\",\"@id\":\"https:\/\/ahroyal.com.co\/#website\",\"url\":\"https:\/\/ahroyal.com.co\/\",\"name\":\"Ah royal\",\"description\":\"AH ROYAL Acompa&ntilde;ando tus ideas - Marca Nacional  Papeler&iacute;a y arte, Distribuci&oacute;n en Colombia y Latino America.\",\"potentialAction\":[{\"@type\":\"SearchAction\",\"target\":{\"@type\":\"EntryPoint\",\"urlTemplate\":\"https:\/\/ahroyal.com.co\/?s={search_term_string}\"},\"query-input\":{\"@type\":\"PropertyValueSpecification\",\"valueRequired\":true,\"valueName\":\"search_term_string\"}}],\"inLanguage\":\"es\"}]}<\/script>\n<!-- \/ Yoast SEO plugin. -->","yoast_head_json":{"title":"Rollo tiquetadora sencillo color blanco. caja x 200 unds. - Ah royal","description":"Rollo tiquetadora sencillo color blanco . Una tiqueteadora, tambi\u00e9n conocida como m\u00e1quina de tickets o m\u00e1quina expendedora de boletos, es un dispositivo utilizado para imprimir y emitir tickets, recibos o etiquetas con informaci\u00f3n espec\u00edfica, como n\u00fameros, fechas, precios u otra informaci\u00f3n relevante.","robots":{"index":"index","follow":"follow","max-snippet":"max-snippet:-1","max-image-preview":"max-image-preview:large","max-video-preview":"max-video-preview:-1"},"canonical":"https:\/\/ahroyal.com.co\/?product=rollo-tiquetadora-sencillo-color-blanco","og_locale":"es_ES","og_type":"article","og_title":"Rollo tiquetadora sencillo color blanco. caja x 200 unds. - Ah royal","og_description":"Rollo tiquetadora sencillo color blanco . Una tiqueteadora, tambi\u00e9n conocida como m\u00e1quina de tickets o m\u00e1quina expendedora de boletos, es un dispositivo utilizado para imprimir y emitir tickets, recibos o etiquetas con informaci\u00f3n espec\u00edfica, como n\u00fameros, fechas, precios u otra informaci\u00f3n relevante.","og_url":"https:\/\/ahroyal.com.co\/?product=rollo-tiquetadora-sencillo-color-blanco","og_site_name":"Ah royal","article_modified_time":"2023-08-04T02:07:16+00:00","og_image":[{"width":2000,"height":2000,"url":"https:\/\/ahroyal.com.co\/wp-content\/uploads\/2023\/06\/PA300.png","type":"image\/png"}],"twitter_card":"summary_large_image","twitter_misc":{"Tiempo de lectura":"1 minuto"},"schema":{"@context":"https:\/\/schema.org","@graph":[{"@type":"WebPage","@id":"https:\/\/ahroyal.com.co\/?product=rollo-tiquetadora-sencillo-color-blanco","url":"https:\/\/ahroyal.com.co\/?product=rollo-tiquetadora-sencillo-color-blanco","name":"Rollo tiquetadora sencillo color blanco. caja x 200 unds. - Ah royal","isPartOf":{"@id":"https:\/\/ahroyal.com.co\/#website"},"primaryImageOfPage":{"@id":"https:\/\/ahroyal.com.co\/?product=rollo-tiquetadora-sencillo-color-blanco#primaryimage"},"image":{"@id":"https:\/\/ahroyal.com.co\/?product=rollo-tiquetadora-sencillo-color-blanco#primaryimage"},"thumbnailUrl":"https:\/\/ahroyal.com.co\/wp-content\/uploads\/2023\/06\/PA300.png","datePublished":"2023-06-28T18:44:34+00:00","dateModified":"2023-08-04T02:07:16+00:00","description":"Rollo tiquetadora sencillo color blanco . Una tiqueteadora, tambi\u00e9n conocida como m\u00e1quina de tickets o m\u00e1quina expendedora de boletos, es un dispositivo utilizado para imprimir y emitir tickets, recibos o etiquetas con informaci\u00f3n espec\u00edfica, como n\u00fameros, fechas, precios u otra informaci\u00f3n relevante.","breadcrumb":{"@id":"https:\/\/ahroyal.com.co\/?product=rollo-tiquetadora-sencillo-color-blanco#breadcrumb"},"inLanguage":"es","potentialAction":[{"@type":"ReadAction","target":["https:\/\/ahroyal.com.co\/?product=rollo-tiquetadora-sencillo-color-blanco"]}]},{"@type":"ImageObject","inLanguage":"es","@id":"https:\/\/ahroyal.com.co\/?product=rollo-tiquetadora-sencillo-color-blanco#primaryimage","url":"https:\/\/ahroyal.com.co\/wp-content\/uploads\/2023\/06\/PA300.png","contentUrl":"https:\/\/ahroyal.com.co\/wp-content\/uploads\/2023\/06\/PA300.png","width":2000,"height":2000},{"@type":"BreadcrumbList","@id":"https:\/\/ahroyal.com.co\/?product=rollo-tiquetadora-sencillo-color-blanco#breadcrumb","itemListElement":[{"@type":"ListItem","position":1,"name":"Portada","item":"https:\/\/ahroyal.com.co\/"},{"@type":"ListItem","position":2,"name":"Shop","item":"https:\/\/ahroyal.com.co\/?page_id=8"},{"@type":"ListItem","position":3,"name":"Rollo tiquetadora sencillo color blanco. caja x 200 unds."}]},{"@type":"WebSite","@id":"https:\/\/ahroyal.com.co\/#website","url":"https:\/\/ahroyal.com.co\/","name":"Ah royal","description":"AH ROYAL Acompa&ntilde;ando tus ideas - Marca Nacional  Papeler&iacute;a y arte, Distribuci&oacute;n en Colombia y Latino America.","potentialAction":[{"@type":"SearchAction","target":{"@type":"EntryPoint","urlTemplate":"https:\/\/ahroyal.com.co\/?s={search_term_string}"},"query-input":{"@type":"PropertyValueSpecification","valueRequired":true,"valueName":"search_term_string"}}],"inLanguage":"es"}]}},"_links":{"self":[{"href":"https:\/\/ahroyal.com.co\/index.php?rest_route=\/wp\/v2\/product\/7605","targetHints":{"allow":["GET"]}}],"collection":[{"href":"https:\/\/ahroyal.com.co\/index.php?rest_route=\/wp\/v2\/product"}],"about":[{"href":"https:\/\/ahroyal.com.co\/index.php?rest_route=\/wp\/v2\/types\/product"}],"replies":[{"embeddable":true,"href":"https:\/\/ahroyal.com.co\/index.php?rest_route=%2Fwp%2Fv2%2Fcomments&post=7605"}],"wp:featuredmedia":[{"embeddable":true,"href":"https:\/\/ahroyal.com.co\/index.php?rest_route=\/wp\/v2\/media\/7606"}],"wp:attachment":[{"href":"https:\/\/ahroyal.com.co\/index.php?rest_route=%2Fwp%2Fv2%2Fmedia&parent=7605"}],"wp:term":[{"taxonomy":"product_brand","embeddable":true,"href":"https:\/\/ahroyal.com.co\/index.php?rest_route=%2Fwp%2Fv2%2Fproduct_brand&post=7605"},{"taxonomy":"product_cat","embeddable":true,"href":"https:\/\/ahroyal.com.co\/index.php?rest_route=%2Fwp%2Fv2%2Fproduct_cat&post=7605"},{"taxonomy":"product_tag","embeddable":true,"href":"https:\/\/ahroyal.com.co\/index.php?rest_route=%2Fwp%2Fv2%2Fproduct_tag&post=7605"}],"curies":[{"name":"wp","href":"https:\/\/api.w.org\/{rel}","templated":true}]}}