{"id":7929,"date":"2023-08-01T17:46:25","date_gmt":"2023-08-01T17:46:25","guid":{"rendered":"https:\/\/ahroyal.com.co\/?post_type=product&#038;p=7929"},"modified":"2023-08-05T04:35:20","modified_gmt":"2023-08-05T04:35:20","slug":"lapiz-ah-royal-rojo-display-x2-uds","status":"publish","type":"product","link":"https:\/\/ahroyal.com.co\/?product=lapiz-ah-royal-rojo-display-x2-uds","title":{"rendered":"L\u00e1piz AH Royal rojo display x2 uds."},"content":{"rendered":"<p>L\u00e1piz AH Royal rojo display x2 uds. Un l\u00e1piz es una herramienta de escritura y dibujo que consiste en una barra de grafito (o material similar) insertada en un cilindro de madera o pl\u00e1stico. Se utiliza para hacer marcas en papel u otras superficies. El l\u00e1piz es ampliamente utilizado para escribir, dibujar, hacer bocetos y tomar notas debido a su facilidad de uso y capacidad de borrar errores con una goma de borrar. Es una herramienta esencial en la educaci\u00f3n, el arte y en muchas actividades diarias donde se requiere la escritura o el dibujo.<\/p>\n","protected":false},"excerpt":{"rendered":"<p>!Expresa tu creatividad con trazos precisos y b\u00f3rralos sin preocupaciones.<\/p>\n","protected":false},"featured_media":7965,"comment_status":"closed","ping_status":"closed","template":"","meta":{"inline_featured_image":false},"product_brand":[],"product_cat":[264,151,241,185],"product_tag":[],"class_list":{"0":"post-7929","1":"product","2":"type-product","3":"status-publish","4":"has-post-thumbnail","6":"product_cat-elementos-de-escritura-2","7":"product_cat-escolar","8":"product_cat-lapices-papeleria","9":"product_cat-tienda","11":"first","12":"instock","13":"shipping-taxable","14":"product-type-simple"},"yoast_head":"<!-- This site is optimized with the Yoast SEO plugin v26.8 - https:\/\/yoast.com\/product\/yoast-seo-wordpress\/ -->\n<title>L\u00e1piz AH Royal rojo display x2 uds. - Ah royal<\/title>\n<meta name=\"description\" content=\"L\u00e1piz AH Royal rojo display x2 uds. Un l\u00e1piz es una herramienta de escritura y dibujo que consiste en una barra de grafito (o material similar) insertada en un cilindro de madera o pl\u00e1stico. Se utiliza para hacer marcas en papel u otras superficies. El l\u00e1piz es ampliamente utilizado para escribir, dibujar, hacer bocetos y tomar notas debido a su facilidad de uso y capacidad de borrar errores con una goma de borrar. Es una herramienta esencial en la educaci\u00f3n, el arte y en muchas actividades diarias donde se requiere la escritura o el dibujo. \u00a0\" \/>\n<meta name=\"robots\" content=\"index, follow, max-snippet:-1, max-image-preview:large, max-video-preview:-1\" \/>\n<link rel=\"canonical\" href=\"https:\/\/ahroyal.com.co\/?product=lapiz-ah-royal-rojo-display-x2-uds\" \/>\n<meta property=\"og:locale\" content=\"es_ES\" \/>\n<meta property=\"og:type\" content=\"article\" \/>\n<meta property=\"og:title\" content=\"L\u00e1piz AH Royal rojo display x2 uds. - Ah royal\" \/>\n<meta property=\"og:description\" content=\"L\u00e1piz AH Royal rojo display x2 uds. Un l\u00e1piz es una herramienta de escritura y dibujo que consiste en una barra de grafito (o material similar) insertada en un cilindro de madera o pl\u00e1stico. Se utiliza para hacer marcas en papel u otras superficies. El l\u00e1piz es ampliamente utilizado para escribir, dibujar, hacer bocetos y tomar notas debido a su facilidad de uso y capacidad de borrar errores con una goma de borrar. Es una herramienta esencial en la educaci\u00f3n, el arte y en muchas actividades diarias donde se requiere la escritura o el dibujo. \u00a0\" \/>\n<meta property=\"og:url\" content=\"https:\/\/ahroyal.com.co\/?product=lapiz-ah-royal-rojo-display-x2-uds\" \/>\n<meta property=\"og:site_name\" content=\"Ah royal\" \/>\n<meta property=\"article:modified_time\" content=\"2023-08-05T04:35:20+00:00\" \/>\n<meta property=\"og:image\" content=\"https:\/\/ahroyal.com.co\/wp-content\/uploads\/2023\/08\/KT4130.jpg\" \/>\n\t<meta property=\"og:image:width\" content=\"900\" \/>\n\t<meta property=\"og:image:height\" content=\"780\" \/>\n\t<meta property=\"og:image:type\" content=\"image\/jpeg\" \/>\n<meta name=\"twitter:card\" content=\"summary_large_image\" \/>\n<meta name=\"twitter:label1\" content=\"Tiempo de lectura\" \/>\n\t<meta name=\"twitter:data1\" content=\"1 minuto\" \/>\n<script type=\"application\/ld+json\" class=\"yoast-schema-graph\">{\"@context\":\"https:\/\/schema.org\",\"@graph\":[{\"@type\":\"WebPage\",\"@id\":\"https:\/\/ahroyal.com.co\/?product=lapiz-ah-royal-rojo-display-x2-uds\",\"url\":\"https:\/\/ahroyal.com.co\/?product=lapiz-ah-royal-rojo-display-x2-uds\",\"name\":\"L\u00e1piz AH Royal rojo display x2 uds. - Ah royal\",\"isPartOf\":{\"@id\":\"https:\/\/ahroyal.com.co\/#website\"},\"primaryImageOfPage\":{\"@id\":\"https:\/\/ahroyal.com.co\/?product=lapiz-ah-royal-rojo-display-x2-uds#primaryimage\"},\"image\":{\"@id\":\"https:\/\/ahroyal.com.co\/?product=lapiz-ah-royal-rojo-display-x2-uds#primaryimage\"},\"thumbnailUrl\":\"https:\/\/ahroyal.com.co\/wp-content\/uploads\/2023\/08\/KT4130.jpg\",\"datePublished\":\"2023-08-01T17:46:25+00:00\",\"dateModified\":\"2023-08-05T04:35:20+00:00\",\"description\":\"L\u00e1piz AH Royal rojo display x2 uds. Un l\u00e1piz es una herramienta de escritura y dibujo que consiste en una barra de grafito (o material similar) insertada en un cilindro de madera o pl\u00e1stico. Se utiliza para hacer marcas en papel u otras superficies. El l\u00e1piz es ampliamente utilizado para escribir, dibujar, hacer bocetos y tomar notas debido a su facilidad de uso y capacidad de borrar errores con una goma de borrar. Es una herramienta esencial en la educaci\u00f3n, el arte y en muchas actividades diarias donde se requiere la escritura o el dibujo. \u00a0\",\"breadcrumb\":{\"@id\":\"https:\/\/ahroyal.com.co\/?product=lapiz-ah-royal-rojo-display-x2-uds#breadcrumb\"},\"inLanguage\":\"es\",\"potentialAction\":[{\"@type\":\"ReadAction\",\"target\":[\"https:\/\/ahroyal.com.co\/?product=lapiz-ah-royal-rojo-display-x2-uds\"]}]},{\"@type\":\"ImageObject\",\"inLanguage\":\"es\",\"@id\":\"https:\/\/ahroyal.com.co\/?product=lapiz-ah-royal-rojo-display-x2-uds#primaryimage\",\"url\":\"https:\/\/ahroyal.com.co\/wp-content\/uploads\/2023\/08\/KT4130.jpg\",\"contentUrl\":\"https:\/\/ahroyal.com.co\/wp-content\/uploads\/2023\/08\/KT4130.jpg\",\"width\":900,\"height\":780},{\"@type\":\"BreadcrumbList\",\"@id\":\"https:\/\/ahroyal.com.co\/?product=lapiz-ah-royal-rojo-display-x2-uds#breadcrumb\",\"itemListElement\":[{\"@type\":\"ListItem\",\"position\":1,\"name\":\"Portada\",\"item\":\"https:\/\/ahroyal.com.co\/\"},{\"@type\":\"ListItem\",\"position\":2,\"name\":\"Shop\",\"item\":\"https:\/\/ahroyal.com.co\/?page_id=8\"},{\"@type\":\"ListItem\",\"position\":3,\"name\":\"L\u00e1piz AH Royal rojo display x2 uds.\"}]},{\"@type\":\"WebSite\",\"@id\":\"https:\/\/ahroyal.com.co\/#website\",\"url\":\"https:\/\/ahroyal.com.co\/\",\"name\":\"Ah royal\",\"description\":\"AH ROYAL Acompa&ntilde;ando tus ideas - Marca Nacional  Papeler&iacute;a y arte, Distribuci&oacute;n en Colombia y Latino America.\",\"potentialAction\":[{\"@type\":\"SearchAction\",\"target\":{\"@type\":\"EntryPoint\",\"urlTemplate\":\"https:\/\/ahroyal.com.co\/?s={search_term_string}\"},\"query-input\":{\"@type\":\"PropertyValueSpecification\",\"valueRequired\":true,\"valueName\":\"search_term_string\"}}],\"inLanguage\":\"es\"}]}<\/script>\n<!-- \/ Yoast SEO plugin. -->","yoast_head_json":{"title":"L\u00e1piz AH Royal rojo display x2 uds. - Ah royal","description":"L\u00e1piz AH Royal rojo display x2 uds. Un l\u00e1piz es una herramienta de escritura y dibujo que consiste en una barra de grafito (o material similar) insertada en un cilindro de madera o pl\u00e1stico. Se utiliza para hacer marcas en papel u otras superficies. El l\u00e1piz es ampliamente utilizado para escribir, dibujar, hacer bocetos y tomar notas debido a su facilidad de uso y capacidad de borrar errores con una goma de borrar. Es una herramienta esencial en la educaci\u00f3n, el arte y en muchas actividades diarias donde se requiere la escritura o el dibujo. \u00a0","robots":{"index":"index","follow":"follow","max-snippet":"max-snippet:-1","max-image-preview":"max-image-preview:large","max-video-preview":"max-video-preview:-1"},"canonical":"https:\/\/ahroyal.com.co\/?product=lapiz-ah-royal-rojo-display-x2-uds","og_locale":"es_ES","og_type":"article","og_title":"L\u00e1piz AH Royal rojo display x2 uds. - Ah royal","og_description":"L\u00e1piz AH Royal rojo display x2 uds. Un l\u00e1piz es una herramienta de escritura y dibujo que consiste en una barra de grafito (o material similar) insertada en un cilindro de madera o pl\u00e1stico. Se utiliza para hacer marcas en papel u otras superficies. El l\u00e1piz es ampliamente utilizado para escribir, dibujar, hacer bocetos y tomar notas debido a su facilidad de uso y capacidad de borrar errores con una goma de borrar. Es una herramienta esencial en la educaci\u00f3n, el arte y en muchas actividades diarias donde se requiere la escritura o el dibujo. \u00a0","og_url":"https:\/\/ahroyal.com.co\/?product=lapiz-ah-royal-rojo-display-x2-uds","og_site_name":"Ah royal","article_modified_time":"2023-08-05T04:35:20+00:00","og_image":[{"width":900,"height":780,"url":"https:\/\/ahroyal.com.co\/wp-content\/uploads\/2023\/08\/KT4130.jpg","type":"image\/jpeg"}],"twitter_card":"summary_large_image","twitter_misc":{"Tiempo de lectura":"1 minuto"},"schema":{"@context":"https:\/\/schema.org","@graph":[{"@type":"WebPage","@id":"https:\/\/ahroyal.com.co\/?product=lapiz-ah-royal-rojo-display-x2-uds","url":"https:\/\/ahroyal.com.co\/?product=lapiz-ah-royal-rojo-display-x2-uds","name":"L\u00e1piz AH Royal rojo display x2 uds. - Ah royal","isPartOf":{"@id":"https:\/\/ahroyal.com.co\/#website"},"primaryImageOfPage":{"@id":"https:\/\/ahroyal.com.co\/?product=lapiz-ah-royal-rojo-display-x2-uds#primaryimage"},"image":{"@id":"https:\/\/ahroyal.com.co\/?product=lapiz-ah-royal-rojo-display-x2-uds#primaryimage"},"thumbnailUrl":"https:\/\/ahroyal.com.co\/wp-content\/uploads\/2023\/08\/KT4130.jpg","datePublished":"2023-08-01T17:46:25+00:00","dateModified":"2023-08-05T04:35:20+00:00","description":"L\u00e1piz AH Royal rojo display x2 uds. Un l\u00e1piz es una herramienta de escritura y dibujo que consiste en una barra de grafito (o material similar) insertada en un cilindro de madera o pl\u00e1stico. Se utiliza para hacer marcas en papel u otras superficies. El l\u00e1piz es ampliamente utilizado para escribir, dibujar, hacer bocetos y tomar notas debido a su facilidad de uso y capacidad de borrar errores con una goma de borrar. Es una herramienta esencial en la educaci\u00f3n, el arte y en muchas actividades diarias donde se requiere la escritura o el dibujo. \u00a0","breadcrumb":{"@id":"https:\/\/ahroyal.com.co\/?product=lapiz-ah-royal-rojo-display-x2-uds#breadcrumb"},"inLanguage":"es","potentialAction":[{"@type":"ReadAction","target":["https:\/\/ahroyal.com.co\/?product=lapiz-ah-royal-rojo-display-x2-uds"]}]},{"@type":"ImageObject","inLanguage":"es","@id":"https:\/\/ahroyal.com.co\/?product=lapiz-ah-royal-rojo-display-x2-uds#primaryimage","url":"https:\/\/ahroyal.com.co\/wp-content\/uploads\/2023\/08\/KT4130.jpg","contentUrl":"https:\/\/ahroyal.com.co\/wp-content\/uploads\/2023\/08\/KT4130.jpg","width":900,"height":780},{"@type":"BreadcrumbList","@id":"https:\/\/ahroyal.com.co\/?product=lapiz-ah-royal-rojo-display-x2-uds#breadcrumb","itemListElement":[{"@type":"ListItem","position":1,"name":"Portada","item":"https:\/\/ahroyal.com.co\/"},{"@type":"ListItem","position":2,"name":"Shop","item":"https:\/\/ahroyal.com.co\/?page_id=8"},{"@type":"ListItem","position":3,"name":"L\u00e1piz AH Royal rojo display x2 uds."}]},{"@type":"WebSite","@id":"https:\/\/ahroyal.com.co\/#website","url":"https:\/\/ahroyal.com.co\/","name":"Ah royal","description":"AH ROYAL Acompa&ntilde;ando tus ideas - Marca Nacional  Papeler&iacute;a y arte, Distribuci&oacute;n en Colombia y Latino America.","potentialAction":[{"@type":"SearchAction","target":{"@type":"EntryPoint","urlTemplate":"https:\/\/ahroyal.com.co\/?s={search_term_string}"},"query-input":{"@type":"PropertyValueSpecification","valueRequired":true,"valueName":"search_term_string"}}],"inLanguage":"es"}]}},"_links":{"self":[{"href":"https:\/\/ahroyal.com.co\/index.php?rest_route=\/wp\/v2\/product\/7929","targetHints":{"allow":["GET"]}}],"collection":[{"href":"https:\/\/ahroyal.com.co\/index.php?rest_route=\/wp\/v2\/product"}],"about":[{"href":"https:\/\/ahroyal.com.co\/index.php?rest_route=\/wp\/v2\/types\/product"}],"replies":[{"embeddable":true,"href":"https:\/\/ahroyal.com.co\/index.php?rest_route=%2Fwp%2Fv2%2Fcomments&post=7929"}],"wp:featuredmedia":[{"embeddable":true,"href":"https:\/\/ahroyal.com.co\/index.php?rest_route=\/wp\/v2\/media\/7965"}],"wp:attachment":[{"href":"https:\/\/ahroyal.com.co\/index.php?rest_route=%2Fwp%2Fv2%2Fmedia&parent=7929"}],"wp:term":[{"taxonomy":"product_brand","embeddable":true,"href":"https:\/\/ahroyal.com.co\/index.php?rest_route=%2Fwp%2Fv2%2Fproduct_brand&post=7929"},{"taxonomy":"product_cat","embeddable":true,"href":"https:\/\/ahroyal.com.co\/index.php?rest_route=%2Fwp%2Fv2%2Fproduct_cat&post=7929"},{"taxonomy":"product_tag","embeddable":true,"href":"https:\/\/ahroyal.com.co\/index.php?rest_route=%2Fwp%2Fv2%2Fproduct_tag&post=7929"}],"curies":[{"name":"wp","href":"https:\/\/api.w.org\/{rel}","templated":true}]}}