{"id":8013,"date":"2023-08-01T17:47:56","date_gmt":"2023-08-01T17:47:56","guid":{"rendered":"https:\/\/ahroyal.com.co\/?post_type=product&#038;p=8013"},"modified":"2023-08-05T04:34:00","modified_gmt":"2023-08-05T04:34:00","slug":"plumon-ah-royal-display-x12-colores-grueso-caja-x240-uds","status":"publish","type":"product","link":"https:\/\/ahroyal.com.co\/?product=plumon-ah-royal-display-x12-colores-grueso-caja-x240-uds","title":{"rendered":"Plum\u00f3n AH royal display x12 colores  grueso caja x240 uds."},"content":{"rendered":"<p>Plum\u00f3n AH royal display x12 colores grueso caja x240 uds. Los colores y crayones son herramientas de dibujo y pintura ampliamente utilizadas en el arte y las manualidades. Los crayones son barras de cera coloreada que se utilizan para dibujar y colorear superficies como papel. Por otro lado, los colores, tambi\u00e9n conocidos como l\u00e1pices de colores o l\u00e1pices de madera, contienen pigmentos de color en un n\u00facleo de madera y se utilizan para dibujar y colorear con m\u00e1s precisi\u00f3n y detalle.<\/p>\n<table class=\"o_group o_inner_group o_group_col_6\">\n<tbody>\n<tr>\n<td class=\"o_td_label\"><label class=\"o_form_label\" title=\"\" for=\"o_field_input_60\" data-original-title=\"\">C\u00f3digo de Barras<\/label><\/td>\n<td><span class=\"o_field_char o_field_widget\">7372148922746<\/span><\/td>\n<\/tr>\n<tr>\n<td class=\"o_td_label\"><label class=\"o_form_label\" for=\"o_field_input_61\">Altura<\/label><\/td>\n<td><span class=\"o_field_float o_field_number o_field_widget\">26.00<\/span><\/td>\n<\/tr>\n<tr>\n<td class=\"o_td_label\"><label class=\"o_form_label\" for=\"o_field_input_62\">Ancho<\/label><\/td>\n<td><span class=\"o_field_float o_field_number o_field_widget\">38.00<\/span><\/td>\n<\/tr>\n<tr>\n<td class=\"o_td_label\"><label class=\"o_form_label\" for=\"o_field_input_63\">Largo<\/label><\/td>\n<td><span class=\"o_field_float o_field_number o_field_widget\">70.00<\/span><\/td>\n<\/tr>\n<tr>\n<td class=\"o_td_label\"><label class=\"o_form_label\" for=\"o_field_input_64\">Items Paca X<\/label><\/td>\n<td><span class=\"o_field_integer o_field_number o_field_widget\">240<\/span><\/td>\n<\/tr>\n<tr>\n<td class=\"o_td_label\"><label class=\"o_form_label\" for=\"o_field_input_65\">Peso Paca Kg X<\/label><\/td>\n<td><span class=\"o_field_float o_field_number o_field_widget\">16.10<\/span><\/td>\n<\/tr>\n<tr>\n<td class=\"o_td_label\"><label class=\"o_form_label\" for=\"o_field_input_66\">Volumen Paca X<\/label><\/td>\n<td><span class=\"o_field_float o_field_number o_field_widget\">0.07<\/span><\/td>\n<\/tr>\n<\/tbody>\n<\/table>\n","protected":false},"excerpt":{"rendered":"<p>Plum\u00f3n AH royal display x12 colores grueso caja x240 uds. Los colores y crayones son herramientas de dibujo y pintura ampliamente utilizadas en el arte y las manualidades. Los crayones son barras de cera coloreada que se utilizan para dibujar y colorear superficies como papel. Por otro lado, los colores, tambi\u00e9n conocidos como l\u00e1pices de colores o l\u00e1pices de madera, contienen pigmentos de color en un n\u00facleo de madera y se utilizan para dibujar y colorear con m\u00e1s precisi\u00f3n y detalle.<\/p>\n","protected":false},"featured_media":8046,"comment_status":"closed","ping_status":"closed","template":"","meta":{"inline_featured_image":false},"product_brand":[],"product_cat":[250,151,263,185],"product_tag":[],"class_list":{"0":"post-8013","1":"product","2":"type-product","3":"status-publish","4":"has-post-thumbnail","6":"product_cat-colores-y-crayones","7":"product_cat-escolar","8":"product_cat-para-pintar","9":"product_cat-tienda","11":"first","12":"instock","13":"shipping-taxable","14":"product-type-simple"},"yoast_head":"<!-- This site is optimized with the Yoast SEO plugin v26.8 - https:\/\/yoast.com\/product\/yoast-seo-wordpress\/ -->\n<title>Plum\u00f3n AH royal display x12 colores grueso caja x240 uds. - Ah royal<\/title>\n<meta name=\"robots\" content=\"index, follow, max-snippet:-1, max-image-preview:large, max-video-preview:-1\" \/>\n<link rel=\"canonical\" href=\"https:\/\/ahroyal.com.co\/?product=plumon-ah-royal-display-x12-colores-grueso-caja-x240-uds\" \/>\n<meta property=\"og:locale\" content=\"es_ES\" \/>\n<meta property=\"og:type\" content=\"article\" \/>\n<meta property=\"og:title\" content=\"Plum\u00f3n AH royal display x12 colores grueso caja x240 uds. - Ah royal\" \/>\n<meta property=\"og:description\" content=\"Plum\u00f3n AH royal display x12 colores grueso caja x240 uds. Los colores y crayones son herramientas de dibujo y pintura ampliamente utilizadas en el arte y las manualidades. Los crayones son barras de cera coloreada que se utilizan para dibujar y colorear superficies como papel. Por otro lado, los colores, tambi\u00e9n conocidos como l\u00e1pices de colores o l\u00e1pices de madera, contienen pigmentos de color en un n\u00facleo de madera y se utilizan para dibujar y colorear con m\u00e1s precisi\u00f3n y detalle.\" \/>\n<meta property=\"og:url\" content=\"https:\/\/ahroyal.com.co\/?product=plumon-ah-royal-display-x12-colores-grueso-caja-x240-uds\" \/>\n<meta property=\"og:site_name\" content=\"Ah royal\" \/>\n<meta property=\"article:modified_time\" content=\"2023-08-05T04:34:00+00:00\" \/>\n<meta property=\"og:image\" content=\"https:\/\/ahroyal.com.co\/wp-content\/uploads\/2023\/08\/PA4504.jpg\" \/>\n\t<meta property=\"og:image:width\" content=\"900\" \/>\n\t<meta property=\"og:image:height\" content=\"780\" \/>\n\t<meta property=\"og:image:type\" content=\"image\/jpeg\" \/>\n<meta name=\"twitter:card\" content=\"summary_large_image\" \/>\n<meta name=\"twitter:label1\" content=\"Tiempo de lectura\" \/>\n\t<meta name=\"twitter:data1\" content=\"1 minuto\" \/>\n<script type=\"application\/ld+json\" class=\"yoast-schema-graph\">{\"@context\":\"https:\/\/schema.org\",\"@graph\":[{\"@type\":\"WebPage\",\"@id\":\"https:\/\/ahroyal.com.co\/?product=plumon-ah-royal-display-x12-colores-grueso-caja-x240-uds\",\"url\":\"https:\/\/ahroyal.com.co\/?product=plumon-ah-royal-display-x12-colores-grueso-caja-x240-uds\",\"name\":\"Plum\u00f3n AH royal display x12 colores grueso caja x240 uds. - Ah royal\",\"isPartOf\":{\"@id\":\"https:\/\/ahroyal.com.co\/#website\"},\"primaryImageOfPage\":{\"@id\":\"https:\/\/ahroyal.com.co\/?product=plumon-ah-royal-display-x12-colores-grueso-caja-x240-uds#primaryimage\"},\"image\":{\"@id\":\"https:\/\/ahroyal.com.co\/?product=plumon-ah-royal-display-x12-colores-grueso-caja-x240-uds#primaryimage\"},\"thumbnailUrl\":\"https:\/\/ahroyal.com.co\/wp-content\/uploads\/2023\/08\/PA4504.jpg\",\"datePublished\":\"2023-08-01T17:47:56+00:00\",\"dateModified\":\"2023-08-05T04:34:00+00:00\",\"breadcrumb\":{\"@id\":\"https:\/\/ahroyal.com.co\/?product=plumon-ah-royal-display-x12-colores-grueso-caja-x240-uds#breadcrumb\"},\"inLanguage\":\"es\",\"potentialAction\":[{\"@type\":\"ReadAction\",\"target\":[\"https:\/\/ahroyal.com.co\/?product=plumon-ah-royal-display-x12-colores-grueso-caja-x240-uds\"]}]},{\"@type\":\"ImageObject\",\"inLanguage\":\"es\",\"@id\":\"https:\/\/ahroyal.com.co\/?product=plumon-ah-royal-display-x12-colores-grueso-caja-x240-uds#primaryimage\",\"url\":\"https:\/\/ahroyal.com.co\/wp-content\/uploads\/2023\/08\/PA4504.jpg\",\"contentUrl\":\"https:\/\/ahroyal.com.co\/wp-content\/uploads\/2023\/08\/PA4504.jpg\",\"width\":900,\"height\":780},{\"@type\":\"BreadcrumbList\",\"@id\":\"https:\/\/ahroyal.com.co\/?product=plumon-ah-royal-display-x12-colores-grueso-caja-x240-uds#breadcrumb\",\"itemListElement\":[{\"@type\":\"ListItem\",\"position\":1,\"name\":\"Portada\",\"item\":\"https:\/\/ahroyal.com.co\/\"},{\"@type\":\"ListItem\",\"position\":2,\"name\":\"Shop\",\"item\":\"https:\/\/ahroyal.com.co\/?page_id=8\"},{\"@type\":\"ListItem\",\"position\":3,\"name\":\"Plum\u00f3n AH royal display x12 colores grueso caja x240 uds.\"}]},{\"@type\":\"WebSite\",\"@id\":\"https:\/\/ahroyal.com.co\/#website\",\"url\":\"https:\/\/ahroyal.com.co\/\",\"name\":\"Ah royal\",\"description\":\"AH ROYAL Acompa&ntilde;ando tus ideas - Marca Nacional  Papeler&iacute;a y arte, Distribuci&oacute;n en Colombia y Latino America.\",\"potentialAction\":[{\"@type\":\"SearchAction\",\"target\":{\"@type\":\"EntryPoint\",\"urlTemplate\":\"https:\/\/ahroyal.com.co\/?s={search_term_string}\"},\"query-input\":{\"@type\":\"PropertyValueSpecification\",\"valueRequired\":true,\"valueName\":\"search_term_string\"}}],\"inLanguage\":\"es\"}]}<\/script>\n<!-- \/ Yoast SEO plugin. -->","yoast_head_json":{"title":"Plum\u00f3n AH royal display x12 colores grueso caja x240 uds. - Ah royal","robots":{"index":"index","follow":"follow","max-snippet":"max-snippet:-1","max-image-preview":"max-image-preview:large","max-video-preview":"max-video-preview:-1"},"canonical":"https:\/\/ahroyal.com.co\/?product=plumon-ah-royal-display-x12-colores-grueso-caja-x240-uds","og_locale":"es_ES","og_type":"article","og_title":"Plum\u00f3n AH royal display x12 colores grueso caja x240 uds. - Ah royal","og_description":"Plum\u00f3n AH royal display x12 colores grueso caja x240 uds. Los colores y crayones son herramientas de dibujo y pintura ampliamente utilizadas en el arte y las manualidades. Los crayones son barras de cera coloreada que se utilizan para dibujar y colorear superficies como papel. Por otro lado, los colores, tambi\u00e9n conocidos como l\u00e1pices de colores o l\u00e1pices de madera, contienen pigmentos de color en un n\u00facleo de madera y se utilizan para dibujar y colorear con m\u00e1s precisi\u00f3n y detalle.","og_url":"https:\/\/ahroyal.com.co\/?product=plumon-ah-royal-display-x12-colores-grueso-caja-x240-uds","og_site_name":"Ah royal","article_modified_time":"2023-08-05T04:34:00+00:00","og_image":[{"width":900,"height":780,"url":"https:\/\/ahroyal.com.co\/wp-content\/uploads\/2023\/08\/PA4504.jpg","type":"image\/jpeg"}],"twitter_card":"summary_large_image","twitter_misc":{"Tiempo de lectura":"1 minuto"},"schema":{"@context":"https:\/\/schema.org","@graph":[{"@type":"WebPage","@id":"https:\/\/ahroyal.com.co\/?product=plumon-ah-royal-display-x12-colores-grueso-caja-x240-uds","url":"https:\/\/ahroyal.com.co\/?product=plumon-ah-royal-display-x12-colores-grueso-caja-x240-uds","name":"Plum\u00f3n AH royal display x12 colores grueso caja x240 uds. - Ah royal","isPartOf":{"@id":"https:\/\/ahroyal.com.co\/#website"},"primaryImageOfPage":{"@id":"https:\/\/ahroyal.com.co\/?product=plumon-ah-royal-display-x12-colores-grueso-caja-x240-uds#primaryimage"},"image":{"@id":"https:\/\/ahroyal.com.co\/?product=plumon-ah-royal-display-x12-colores-grueso-caja-x240-uds#primaryimage"},"thumbnailUrl":"https:\/\/ahroyal.com.co\/wp-content\/uploads\/2023\/08\/PA4504.jpg","datePublished":"2023-08-01T17:47:56+00:00","dateModified":"2023-08-05T04:34:00+00:00","breadcrumb":{"@id":"https:\/\/ahroyal.com.co\/?product=plumon-ah-royal-display-x12-colores-grueso-caja-x240-uds#breadcrumb"},"inLanguage":"es","potentialAction":[{"@type":"ReadAction","target":["https:\/\/ahroyal.com.co\/?product=plumon-ah-royal-display-x12-colores-grueso-caja-x240-uds"]}]},{"@type":"ImageObject","inLanguage":"es","@id":"https:\/\/ahroyal.com.co\/?product=plumon-ah-royal-display-x12-colores-grueso-caja-x240-uds#primaryimage","url":"https:\/\/ahroyal.com.co\/wp-content\/uploads\/2023\/08\/PA4504.jpg","contentUrl":"https:\/\/ahroyal.com.co\/wp-content\/uploads\/2023\/08\/PA4504.jpg","width":900,"height":780},{"@type":"BreadcrumbList","@id":"https:\/\/ahroyal.com.co\/?product=plumon-ah-royal-display-x12-colores-grueso-caja-x240-uds#breadcrumb","itemListElement":[{"@type":"ListItem","position":1,"name":"Portada","item":"https:\/\/ahroyal.com.co\/"},{"@type":"ListItem","position":2,"name":"Shop","item":"https:\/\/ahroyal.com.co\/?page_id=8"},{"@type":"ListItem","position":3,"name":"Plum\u00f3n AH royal display x12 colores grueso caja x240 uds."}]},{"@type":"WebSite","@id":"https:\/\/ahroyal.com.co\/#website","url":"https:\/\/ahroyal.com.co\/","name":"Ah royal","description":"AH ROYAL Acompa&ntilde;ando tus ideas - Marca Nacional  Papeler&iacute;a y arte, Distribuci&oacute;n en Colombia y Latino America.","potentialAction":[{"@type":"SearchAction","target":{"@type":"EntryPoint","urlTemplate":"https:\/\/ahroyal.com.co\/?s={search_term_string}"},"query-input":{"@type":"PropertyValueSpecification","valueRequired":true,"valueName":"search_term_string"}}],"inLanguage":"es"}]}},"_links":{"self":[{"href":"https:\/\/ahroyal.com.co\/index.php?rest_route=\/wp\/v2\/product\/8013","targetHints":{"allow":["GET"]}}],"collection":[{"href":"https:\/\/ahroyal.com.co\/index.php?rest_route=\/wp\/v2\/product"}],"about":[{"href":"https:\/\/ahroyal.com.co\/index.php?rest_route=\/wp\/v2\/types\/product"}],"replies":[{"embeddable":true,"href":"https:\/\/ahroyal.com.co\/index.php?rest_route=%2Fwp%2Fv2%2Fcomments&post=8013"}],"wp:featuredmedia":[{"embeddable":true,"href":"https:\/\/ahroyal.com.co\/index.php?rest_route=\/wp\/v2\/media\/8046"}],"wp:attachment":[{"href":"https:\/\/ahroyal.com.co\/index.php?rest_route=%2Fwp%2Fv2%2Fmedia&parent=8013"}],"wp:term":[{"taxonomy":"product_brand","embeddable":true,"href":"https:\/\/ahroyal.com.co\/index.php?rest_route=%2Fwp%2Fv2%2Fproduct_brand&post=8013"},{"taxonomy":"product_cat","embeddable":true,"href":"https:\/\/ahroyal.com.co\/index.php?rest_route=%2Fwp%2Fv2%2Fproduct_cat&post=8013"},{"taxonomy":"product_tag","embeddable":true,"href":"https:\/\/ahroyal.com.co\/index.php?rest_route=%2Fwp%2Fv2%2Fproduct_tag&post=8013"}],"curies":[{"name":"wp","href":"https:\/\/api.w.org\/{rel}","templated":true}]}}