{"id":8257,"date":"2023-08-04T04:22:43","date_gmt":"2023-08-04T04:22:43","guid":{"rendered":"https:\/\/ahroyal.com.co\/?post_type=product&#038;p=8257"},"modified":"2023-08-05T01:57:19","modified_gmt":"2023-08-05T01:57:19","slug":"huellero-dactilar-pequeno-ah-royal-caja-x970-uds","status":"publish","type":"product","link":"https:\/\/ahroyal.com.co\/?product=huellero-dactilar-pequeno-ah-royal-caja-x970-uds","title":{"rendered":"Huellero dactilar peque\u00f1o AH royal caja x970 uds."},"content":{"rendered":"<p>Huellero dactilar peque\u00f1o AH royal caja x970 uds. Los huelleros, tambi\u00e9n conocidos como almohadillas de tinta, son dispositivos utilizados para obtener impresiones dactilares en tinta de las manos y los dedos de las personas.<\/p>\n","protected":false},"excerpt":{"rendered":"<p>Huellero dactilar peque\u00f1o AH royal caja x970 uds.<\/p>\n","protected":false},"featured_media":0,"comment_status":"open","ping_status":"closed","template":"","meta":{"inline_featured_image":false},"product_brand":[],"product_cat":[258,144,185],"product_tag":[],"class_list":{"0":"post-8257","1":"product","2":"type-product","3":"status-publish","5":"product_cat-huelleros-y-tintas","6":"product_cat-oficina","7":"product_cat-tienda","9":"first","10":"instock","11":"shipping-taxable","12":"product-type-simple"},"yoast_head":"<!-- This site is optimized with the Yoast SEO plugin v26.8 - https:\/\/yoast.com\/product\/yoast-seo-wordpress\/ -->\n<title>Huellero dactilar peque\u00f1o AH royal caja x970 uds. - Ah royal<\/title>\n<meta name=\"description\" content=\"Huellero dactilar peque\u00f1o AH royal caja x970 uds. Los huelleros, tambi\u00e9n conocidos como almohadillas de tinta, son dispositivos utilizados para obtener impresiones dactilares en tinta de las manos y los dedos de las personas.\u00a0\" \/>\n<meta name=\"robots\" content=\"index, follow, max-snippet:-1, max-image-preview:large, max-video-preview:-1\" \/>\n<link rel=\"canonical\" href=\"https:\/\/ahroyal.com.co\/?product=huellero-dactilar-pequeno-ah-royal-caja-x970-uds\" \/>\n<meta property=\"og:locale\" content=\"es_ES\" \/>\n<meta property=\"og:type\" content=\"article\" \/>\n<meta property=\"og:title\" content=\"Huellero dactilar peque\u00f1o AH royal caja x970 uds. - Ah royal\" \/>\n<meta property=\"og:description\" content=\"Huellero dactilar peque\u00f1o AH royal caja x970 uds. Los huelleros, tambi\u00e9n conocidos como almohadillas de tinta, son dispositivos utilizados para obtener impresiones dactilares en tinta de las manos y los dedos de las personas.\u00a0\" \/>\n<meta property=\"og:url\" content=\"https:\/\/ahroyal.com.co\/?product=huellero-dactilar-pequeno-ah-royal-caja-x970-uds\" \/>\n<meta property=\"og:site_name\" content=\"Ah royal\" \/>\n<meta property=\"article:modified_time\" content=\"2023-08-05T01:57:19+00:00\" \/>\n<meta name=\"twitter:card\" content=\"summary_large_image\" \/>\n<meta name=\"twitter:label1\" content=\"Tiempo de lectura\" \/>\n\t<meta name=\"twitter:data1\" content=\"1 minuto\" \/>\n<script type=\"application\/ld+json\" class=\"yoast-schema-graph\">{\"@context\":\"https:\/\/schema.org\",\"@graph\":[{\"@type\":\"WebPage\",\"@id\":\"https:\/\/ahroyal.com.co\/?product=huellero-dactilar-pequeno-ah-royal-caja-x970-uds\",\"url\":\"https:\/\/ahroyal.com.co\/?product=huellero-dactilar-pequeno-ah-royal-caja-x970-uds\",\"name\":\"Huellero dactilar peque\u00f1o AH royal caja x970 uds. - Ah royal\",\"isPartOf\":{\"@id\":\"https:\/\/ahroyal.com.co\/#website\"},\"datePublished\":\"2023-08-04T04:22:43+00:00\",\"dateModified\":\"2023-08-05T01:57:19+00:00\",\"description\":\"Huellero dactilar peque\u00f1o AH royal caja x970 uds. Los huelleros, tambi\u00e9n conocidos como almohadillas de tinta, son dispositivos utilizados para obtener impresiones dactilares en tinta de las manos y los dedos de las personas.\u00a0\",\"breadcrumb\":{\"@id\":\"https:\/\/ahroyal.com.co\/?product=huellero-dactilar-pequeno-ah-royal-caja-x970-uds#breadcrumb\"},\"inLanguage\":\"es\",\"potentialAction\":[{\"@type\":\"ReadAction\",\"target\":[\"https:\/\/ahroyal.com.co\/?product=huellero-dactilar-pequeno-ah-royal-caja-x970-uds\"]}]},{\"@type\":\"BreadcrumbList\",\"@id\":\"https:\/\/ahroyal.com.co\/?product=huellero-dactilar-pequeno-ah-royal-caja-x970-uds#breadcrumb\",\"itemListElement\":[{\"@type\":\"ListItem\",\"position\":1,\"name\":\"Portada\",\"item\":\"https:\/\/ahroyal.com.co\/\"},{\"@type\":\"ListItem\",\"position\":2,\"name\":\"Shop\",\"item\":\"https:\/\/ahroyal.com.co\/?page_id=8\"},{\"@type\":\"ListItem\",\"position\":3,\"name\":\"Huellero dactilar peque\u00f1o AH royal caja x970 uds.\"}]},{\"@type\":\"WebSite\",\"@id\":\"https:\/\/ahroyal.com.co\/#website\",\"url\":\"https:\/\/ahroyal.com.co\/\",\"name\":\"Ah royal\",\"description\":\"AH ROYAL Acompa&ntilde;ando tus ideas - Marca Nacional  Papeler&iacute;a y arte, Distribuci&oacute;n en Colombia y Latino America.\",\"potentialAction\":[{\"@type\":\"SearchAction\",\"target\":{\"@type\":\"EntryPoint\",\"urlTemplate\":\"https:\/\/ahroyal.com.co\/?s={search_term_string}\"},\"query-input\":{\"@type\":\"PropertyValueSpecification\",\"valueRequired\":true,\"valueName\":\"search_term_string\"}}],\"inLanguage\":\"es\"}]}<\/script>\n<!-- \/ Yoast SEO plugin. -->","yoast_head_json":{"title":"Huellero dactilar peque\u00f1o AH royal caja x970 uds. - Ah royal","description":"Huellero dactilar peque\u00f1o AH royal caja x970 uds. Los huelleros, tambi\u00e9n conocidos como almohadillas de tinta, son dispositivos utilizados para obtener impresiones dactilares en tinta de las manos y los dedos de las personas.\u00a0","robots":{"index":"index","follow":"follow","max-snippet":"max-snippet:-1","max-image-preview":"max-image-preview:large","max-video-preview":"max-video-preview:-1"},"canonical":"https:\/\/ahroyal.com.co\/?product=huellero-dactilar-pequeno-ah-royal-caja-x970-uds","og_locale":"es_ES","og_type":"article","og_title":"Huellero dactilar peque\u00f1o AH royal caja x970 uds. - Ah royal","og_description":"Huellero dactilar peque\u00f1o AH royal caja x970 uds. Los huelleros, tambi\u00e9n conocidos como almohadillas de tinta, son dispositivos utilizados para obtener impresiones dactilares en tinta de las manos y los dedos de las personas.\u00a0","og_url":"https:\/\/ahroyal.com.co\/?product=huellero-dactilar-pequeno-ah-royal-caja-x970-uds","og_site_name":"Ah royal","article_modified_time":"2023-08-05T01:57:19+00:00","twitter_card":"summary_large_image","twitter_misc":{"Tiempo de lectura":"1 minuto"},"schema":{"@context":"https:\/\/schema.org","@graph":[{"@type":"WebPage","@id":"https:\/\/ahroyal.com.co\/?product=huellero-dactilar-pequeno-ah-royal-caja-x970-uds","url":"https:\/\/ahroyal.com.co\/?product=huellero-dactilar-pequeno-ah-royal-caja-x970-uds","name":"Huellero dactilar peque\u00f1o AH royal caja x970 uds. - Ah royal","isPartOf":{"@id":"https:\/\/ahroyal.com.co\/#website"},"datePublished":"2023-08-04T04:22:43+00:00","dateModified":"2023-08-05T01:57:19+00:00","description":"Huellero dactilar peque\u00f1o AH royal caja x970 uds. Los huelleros, tambi\u00e9n conocidos como almohadillas de tinta, son dispositivos utilizados para obtener impresiones dactilares en tinta de las manos y los dedos de las personas.\u00a0","breadcrumb":{"@id":"https:\/\/ahroyal.com.co\/?product=huellero-dactilar-pequeno-ah-royal-caja-x970-uds#breadcrumb"},"inLanguage":"es","potentialAction":[{"@type":"ReadAction","target":["https:\/\/ahroyal.com.co\/?product=huellero-dactilar-pequeno-ah-royal-caja-x970-uds"]}]},{"@type":"BreadcrumbList","@id":"https:\/\/ahroyal.com.co\/?product=huellero-dactilar-pequeno-ah-royal-caja-x970-uds#breadcrumb","itemListElement":[{"@type":"ListItem","position":1,"name":"Portada","item":"https:\/\/ahroyal.com.co\/"},{"@type":"ListItem","position":2,"name":"Shop","item":"https:\/\/ahroyal.com.co\/?page_id=8"},{"@type":"ListItem","position":3,"name":"Huellero dactilar peque\u00f1o AH royal caja x970 uds."}]},{"@type":"WebSite","@id":"https:\/\/ahroyal.com.co\/#website","url":"https:\/\/ahroyal.com.co\/","name":"Ah royal","description":"AH ROYAL Acompa&ntilde;ando tus ideas - Marca Nacional  Papeler&iacute;a y arte, Distribuci&oacute;n en Colombia y Latino America.","potentialAction":[{"@type":"SearchAction","target":{"@type":"EntryPoint","urlTemplate":"https:\/\/ahroyal.com.co\/?s={search_term_string}"},"query-input":{"@type":"PropertyValueSpecification","valueRequired":true,"valueName":"search_term_string"}}],"inLanguage":"es"}]}},"_links":{"self":[{"href":"https:\/\/ahroyal.com.co\/index.php?rest_route=\/wp\/v2\/product\/8257","targetHints":{"allow":["GET"]}}],"collection":[{"href":"https:\/\/ahroyal.com.co\/index.php?rest_route=\/wp\/v2\/product"}],"about":[{"href":"https:\/\/ahroyal.com.co\/index.php?rest_route=\/wp\/v2\/types\/product"}],"replies":[{"embeddable":true,"href":"https:\/\/ahroyal.com.co\/index.php?rest_route=%2Fwp%2Fv2%2Fcomments&post=8257"}],"wp:attachment":[{"href":"https:\/\/ahroyal.com.co\/index.php?rest_route=%2Fwp%2Fv2%2Fmedia&parent=8257"}],"wp:term":[{"taxonomy":"product_brand","embeddable":true,"href":"https:\/\/ahroyal.com.co\/index.php?rest_route=%2Fwp%2Fv2%2Fproduct_brand&post=8257"},{"taxonomy":"product_cat","embeddable":true,"href":"https:\/\/ahroyal.com.co\/index.php?rest_route=%2Fwp%2Fv2%2Fproduct_cat&post=8257"},{"taxonomy":"product_tag","embeddable":true,"href":"https:\/\/ahroyal.com.co\/index.php?rest_route=%2Fwp%2Fv2%2Fproduct_tag&post=8257"}],"curies":[{"name":"wp","href":"https:\/\/api.w.org\/{rel}","templated":true}]}}