{"id":8326,"date":"2023-08-05T02:29:33","date_gmt":"2023-08-05T02:29:33","guid":{"rendered":"https:\/\/ahroyal.com.co\/?post_type=product&#038;p=8326"},"modified":"2023-08-05T04:52:28","modified_gmt":"2023-08-05T04:52:28","slug":"boligrafo-ah-royal-semi-gel-0-7-color-negro-caja-x144-dps","status":"publish","type":"product","link":"https:\/\/ahroyal.com.co\/?product=boligrafo-ah-royal-semi-gel-0-7-color-negro-caja-x144-dps","title":{"rendered":"Boligrafo AH royal semi gel 0.7 color negro caja x144 dps."},"content":{"rendered":"<p>Boligrafo AH royal semi gel 0.7 color negro caja x144 dps. Los bol\u00edgrafos, tambi\u00e9n conocidos como plumas esferogr\u00e1ficas, son herramientas de escritura muy comunes y vers\u00e1tiles que se utilizan en una amplia variedad de contextos.<\/p>\n","protected":false},"excerpt":{"rendered":"<p>Boligrafo AH royal semi gel 0.7 color negro caja x144 dps.<\/p>\n","protected":false},"featured_media":8327,"comment_status":"open","ping_status":"closed","template":"","meta":{"inline_featured_image":false},"product_brand":[],"product_cat":[159,262,144,185],"product_tag":[],"class_list":{"0":"post-8326","1":"product","2":"type-product","3":"status-publish","4":"has-post-thumbnail","6":"product_cat-elementos-de-escritura","7":"product_cat-lapiceros","8":"product_cat-oficina","9":"product_cat-tienda","11":"first","12":"instock","13":"shipping-taxable","14":"product-type-simple"},"yoast_head":"<!-- This site is optimized with the Yoast SEO plugin v26.8 - https:\/\/yoast.com\/product\/yoast-seo-wordpress\/ -->\n<title>Boligrafo AH royal semi gel 0.7 color negro caja x144 dps. - Ah royal<\/title>\n<meta name=\"description\" content=\"Boligrafo AH royal semi gel 0.7 color negro caja x144 dps. Los bol\u00edgrafos, tambi\u00e9n conocidos como plumas esferogr\u00e1ficas, son herramientas de escritura muy comunes y vers\u00e1tiles que se utilizan en una amplia variedad de contextos.\u00a0\" \/>\n<meta name=\"robots\" content=\"index, follow, max-snippet:-1, max-image-preview:large, max-video-preview:-1\" \/>\n<link rel=\"canonical\" href=\"https:\/\/ahroyal.com.co\/?product=boligrafo-ah-royal-semi-gel-0-7-color-negro-caja-x144-dps\" \/>\n<meta property=\"og:locale\" content=\"es_ES\" \/>\n<meta property=\"og:type\" content=\"article\" \/>\n<meta property=\"og:title\" content=\"Boligrafo AH royal semi gel 0.7 color negro caja x144 dps. - Ah royal\" \/>\n<meta property=\"og:description\" content=\"Boligrafo AH royal semi gel 0.7 color negro caja x144 dps. Los bol\u00edgrafos, tambi\u00e9n conocidos como plumas esferogr\u00e1ficas, son herramientas de escritura muy comunes y vers\u00e1tiles que se utilizan en una amplia variedad de contextos.\u00a0\" \/>\n<meta property=\"og:url\" content=\"https:\/\/ahroyal.com.co\/?product=boligrafo-ah-royal-semi-gel-0-7-color-negro-caja-x144-dps\" \/>\n<meta property=\"og:site_name\" content=\"Ah royal\" \/>\n<meta property=\"article:modified_time\" content=\"2023-08-05T04:52:28+00:00\" \/>\n<meta property=\"og:image\" content=\"https:\/\/ahroyal.com.co\/wp-content\/uploads\/2023\/08\/PA2050.jpg\" \/>\n\t<meta property=\"og:image:width\" content=\"900\" \/>\n\t<meta property=\"og:image:height\" content=\"780\" \/>\n\t<meta property=\"og:image:type\" content=\"image\/jpeg\" \/>\n<meta name=\"twitter:card\" content=\"summary_large_image\" \/>\n<meta name=\"twitter:label1\" content=\"Tiempo de lectura\" \/>\n\t<meta name=\"twitter:data1\" content=\"1 minuto\" \/>\n<script type=\"application\/ld+json\" class=\"yoast-schema-graph\">{\"@context\":\"https:\/\/schema.org\",\"@graph\":[{\"@type\":\"WebPage\",\"@id\":\"https:\/\/ahroyal.com.co\/?product=boligrafo-ah-royal-semi-gel-0-7-color-negro-caja-x144-dps\",\"url\":\"https:\/\/ahroyal.com.co\/?product=boligrafo-ah-royal-semi-gel-0-7-color-negro-caja-x144-dps\",\"name\":\"Boligrafo AH royal semi gel 0.7 color negro caja x144 dps. - Ah royal\",\"isPartOf\":{\"@id\":\"https:\/\/ahroyal.com.co\/#website\"},\"primaryImageOfPage\":{\"@id\":\"https:\/\/ahroyal.com.co\/?product=boligrafo-ah-royal-semi-gel-0-7-color-negro-caja-x144-dps#primaryimage\"},\"image\":{\"@id\":\"https:\/\/ahroyal.com.co\/?product=boligrafo-ah-royal-semi-gel-0-7-color-negro-caja-x144-dps#primaryimage\"},\"thumbnailUrl\":\"https:\/\/ahroyal.com.co\/wp-content\/uploads\/2023\/08\/PA2050.jpg\",\"datePublished\":\"2023-08-05T02:29:33+00:00\",\"dateModified\":\"2023-08-05T04:52:28+00:00\",\"description\":\"Boligrafo AH royal semi gel 0.7 color negro caja x144 dps. Los bol\u00edgrafos, tambi\u00e9n conocidos como plumas esferogr\u00e1ficas, son herramientas de escritura muy comunes y vers\u00e1tiles que se utilizan en una amplia variedad de contextos.\u00a0\",\"breadcrumb\":{\"@id\":\"https:\/\/ahroyal.com.co\/?product=boligrafo-ah-royal-semi-gel-0-7-color-negro-caja-x144-dps#breadcrumb\"},\"inLanguage\":\"es\",\"potentialAction\":[{\"@type\":\"ReadAction\",\"target\":[\"https:\/\/ahroyal.com.co\/?product=boligrafo-ah-royal-semi-gel-0-7-color-negro-caja-x144-dps\"]}]},{\"@type\":\"ImageObject\",\"inLanguage\":\"es\",\"@id\":\"https:\/\/ahroyal.com.co\/?product=boligrafo-ah-royal-semi-gel-0-7-color-negro-caja-x144-dps#primaryimage\",\"url\":\"https:\/\/ahroyal.com.co\/wp-content\/uploads\/2023\/08\/PA2050.jpg\",\"contentUrl\":\"https:\/\/ahroyal.com.co\/wp-content\/uploads\/2023\/08\/PA2050.jpg\",\"width\":900,\"height\":780},{\"@type\":\"BreadcrumbList\",\"@id\":\"https:\/\/ahroyal.com.co\/?product=boligrafo-ah-royal-semi-gel-0-7-color-negro-caja-x144-dps#breadcrumb\",\"itemListElement\":[{\"@type\":\"ListItem\",\"position\":1,\"name\":\"Portada\",\"item\":\"https:\/\/ahroyal.com.co\/\"},{\"@type\":\"ListItem\",\"position\":2,\"name\":\"Shop\",\"item\":\"https:\/\/ahroyal.com.co\/?page_id=8\"},{\"@type\":\"ListItem\",\"position\":3,\"name\":\"Boligrafo AH royal semi gel 0.7 color negro caja x144 dps.\"}]},{\"@type\":\"WebSite\",\"@id\":\"https:\/\/ahroyal.com.co\/#website\",\"url\":\"https:\/\/ahroyal.com.co\/\",\"name\":\"Ah royal\",\"description\":\"AH ROYAL Acompa&ntilde;ando tus ideas - Marca Nacional  Papeler&iacute;a y arte, Distribuci&oacute;n en Colombia y Latino America.\",\"potentialAction\":[{\"@type\":\"SearchAction\",\"target\":{\"@type\":\"EntryPoint\",\"urlTemplate\":\"https:\/\/ahroyal.com.co\/?s={search_term_string}\"},\"query-input\":{\"@type\":\"PropertyValueSpecification\",\"valueRequired\":true,\"valueName\":\"search_term_string\"}}],\"inLanguage\":\"es\"}]}<\/script>\n<!-- \/ Yoast SEO plugin. -->","yoast_head_json":{"title":"Boligrafo AH royal semi gel 0.7 color negro caja x144 dps. - Ah royal","description":"Boligrafo AH royal semi gel 0.7 color negro caja x144 dps. Los bol\u00edgrafos, tambi\u00e9n conocidos como plumas esferogr\u00e1ficas, son herramientas de escritura muy comunes y vers\u00e1tiles que se utilizan en una amplia variedad de contextos.\u00a0","robots":{"index":"index","follow":"follow","max-snippet":"max-snippet:-1","max-image-preview":"max-image-preview:large","max-video-preview":"max-video-preview:-1"},"canonical":"https:\/\/ahroyal.com.co\/?product=boligrafo-ah-royal-semi-gel-0-7-color-negro-caja-x144-dps","og_locale":"es_ES","og_type":"article","og_title":"Boligrafo AH royal semi gel 0.7 color negro caja x144 dps. - Ah royal","og_description":"Boligrafo AH royal semi gel 0.7 color negro caja x144 dps. Los bol\u00edgrafos, tambi\u00e9n conocidos como plumas esferogr\u00e1ficas, son herramientas de escritura muy comunes y vers\u00e1tiles que se utilizan en una amplia variedad de contextos.\u00a0","og_url":"https:\/\/ahroyal.com.co\/?product=boligrafo-ah-royal-semi-gel-0-7-color-negro-caja-x144-dps","og_site_name":"Ah royal","article_modified_time":"2023-08-05T04:52:28+00:00","og_image":[{"width":900,"height":780,"url":"https:\/\/ahroyal.com.co\/wp-content\/uploads\/2023\/08\/PA2050.jpg","type":"image\/jpeg"}],"twitter_card":"summary_large_image","twitter_misc":{"Tiempo de lectura":"1 minuto"},"schema":{"@context":"https:\/\/schema.org","@graph":[{"@type":"WebPage","@id":"https:\/\/ahroyal.com.co\/?product=boligrafo-ah-royal-semi-gel-0-7-color-negro-caja-x144-dps","url":"https:\/\/ahroyal.com.co\/?product=boligrafo-ah-royal-semi-gel-0-7-color-negro-caja-x144-dps","name":"Boligrafo AH royal semi gel 0.7 color negro caja x144 dps. - Ah royal","isPartOf":{"@id":"https:\/\/ahroyal.com.co\/#website"},"primaryImageOfPage":{"@id":"https:\/\/ahroyal.com.co\/?product=boligrafo-ah-royal-semi-gel-0-7-color-negro-caja-x144-dps#primaryimage"},"image":{"@id":"https:\/\/ahroyal.com.co\/?product=boligrafo-ah-royal-semi-gel-0-7-color-negro-caja-x144-dps#primaryimage"},"thumbnailUrl":"https:\/\/ahroyal.com.co\/wp-content\/uploads\/2023\/08\/PA2050.jpg","datePublished":"2023-08-05T02:29:33+00:00","dateModified":"2023-08-05T04:52:28+00:00","description":"Boligrafo AH royal semi gel 0.7 color negro caja x144 dps. Los bol\u00edgrafos, tambi\u00e9n conocidos como plumas esferogr\u00e1ficas, son herramientas de escritura muy comunes y vers\u00e1tiles que se utilizan en una amplia variedad de contextos.\u00a0","breadcrumb":{"@id":"https:\/\/ahroyal.com.co\/?product=boligrafo-ah-royal-semi-gel-0-7-color-negro-caja-x144-dps#breadcrumb"},"inLanguage":"es","potentialAction":[{"@type":"ReadAction","target":["https:\/\/ahroyal.com.co\/?product=boligrafo-ah-royal-semi-gel-0-7-color-negro-caja-x144-dps"]}]},{"@type":"ImageObject","inLanguage":"es","@id":"https:\/\/ahroyal.com.co\/?product=boligrafo-ah-royal-semi-gel-0-7-color-negro-caja-x144-dps#primaryimage","url":"https:\/\/ahroyal.com.co\/wp-content\/uploads\/2023\/08\/PA2050.jpg","contentUrl":"https:\/\/ahroyal.com.co\/wp-content\/uploads\/2023\/08\/PA2050.jpg","width":900,"height":780},{"@type":"BreadcrumbList","@id":"https:\/\/ahroyal.com.co\/?product=boligrafo-ah-royal-semi-gel-0-7-color-negro-caja-x144-dps#breadcrumb","itemListElement":[{"@type":"ListItem","position":1,"name":"Portada","item":"https:\/\/ahroyal.com.co\/"},{"@type":"ListItem","position":2,"name":"Shop","item":"https:\/\/ahroyal.com.co\/?page_id=8"},{"@type":"ListItem","position":3,"name":"Boligrafo AH royal semi gel 0.7 color negro caja x144 dps."}]},{"@type":"WebSite","@id":"https:\/\/ahroyal.com.co\/#website","url":"https:\/\/ahroyal.com.co\/","name":"Ah royal","description":"AH ROYAL Acompa&ntilde;ando tus ideas - Marca Nacional  Papeler&iacute;a y arte, Distribuci&oacute;n en Colombia y Latino America.","potentialAction":[{"@type":"SearchAction","target":{"@type":"EntryPoint","urlTemplate":"https:\/\/ahroyal.com.co\/?s={search_term_string}"},"query-input":{"@type":"PropertyValueSpecification","valueRequired":true,"valueName":"search_term_string"}}],"inLanguage":"es"}]}},"_links":{"self":[{"href":"https:\/\/ahroyal.com.co\/index.php?rest_route=\/wp\/v2\/product\/8326","targetHints":{"allow":["GET"]}}],"collection":[{"href":"https:\/\/ahroyal.com.co\/index.php?rest_route=\/wp\/v2\/product"}],"about":[{"href":"https:\/\/ahroyal.com.co\/index.php?rest_route=\/wp\/v2\/types\/product"}],"replies":[{"embeddable":true,"href":"https:\/\/ahroyal.com.co\/index.php?rest_route=%2Fwp%2Fv2%2Fcomments&post=8326"}],"wp:featuredmedia":[{"embeddable":true,"href":"https:\/\/ahroyal.com.co\/index.php?rest_route=\/wp\/v2\/media\/8327"}],"wp:attachment":[{"href":"https:\/\/ahroyal.com.co\/index.php?rest_route=%2Fwp%2Fv2%2Fmedia&parent=8326"}],"wp:term":[{"taxonomy":"product_brand","embeddable":true,"href":"https:\/\/ahroyal.com.co\/index.php?rest_route=%2Fwp%2Fv2%2Fproduct_brand&post=8326"},{"taxonomy":"product_cat","embeddable":true,"href":"https:\/\/ahroyal.com.co\/index.php?rest_route=%2Fwp%2Fv2%2Fproduct_cat&post=8326"},{"taxonomy":"product_tag","embeddable":true,"href":"https:\/\/ahroyal.com.co\/index.php?rest_route=%2Fwp%2Fv2%2Fproduct_tag&post=8326"}],"curies":[{"name":"wp","href":"https:\/\/api.w.org\/{rel}","templated":true}]}}